{"id":143,"date":"2016-06-20T07:48:11","date_gmt":"2016-06-20T07:48:11","guid":{"rendered":"http:\/\/sw-themes.com\/porto_dummy\/?page_id=143"},"modified":"2026-03-02T15:56:23","modified_gmt":"2026-03-02T15:56:23","slug":"home-2","status":"publish","type":"page","link":"https:\/\/gonclovil.com\/ca\/","title":{"rendered":"Inici"},"content":{"rendered":"<p>[vc_row wrap_container=&#8221;yes&#8221; el_class=&#8221;home-intro home-intro-dark&#8221;][vc_column width=&#8221;2\/3&#8243;][vc_column_text el_class=&#8221;m-b-none&#8221;]<strong>Curiositat + Creativitat = <em class=\"text-color-primary\">Innovaci\u00f3<\/em><\/strong> <span style=\"opacity: 0.7;\"> Benvinguts a Gonclovil Textile Services<\/span>[\/vc_column_text][\/vc_column][vc_column width=&#8221;1\/3&#8243; el_class=&#8221;get-started&#8221;][vc_btn title=&#8221;Contacta&#8217;ns&#8221; size=&#8221;lg&#8221; skin=&#8221;primary&#8221; link=&#8221;url:http%3A%2F%2Fgonclovil.com%2Fca%2Fcontacte%2F|||&#8221; el_class=&#8221;mb-0 font-weight-semibold&#8221;][\/vc_column][\/vc_row][vc_row wrap_container=&#8221;yes&#8221; el_class=&#8221;p-t-lg&#8221; animation_type=&#8221;fadeInUp&#8221;][vc_column][vc_custom_heading text=&#8221;Productes <b>Destacats<\/b>&#8221; font_container=&#8221;tag:h2|font_size:25px|text_align:left&#8221; use_theme_fonts=&#8221;yes&#8221; css=&#8221;.vc_custom_1562751431836{margin-bottom: 20px !important;}&#8221;][vc_separator color=&#8221;custom&#8221; gap=&#8221;taller&#8221; gradient=&#8221;yes&#8221;][vc_single_image image=&#8221;2358&#8243; img_size=&#8221;1200&#215;240&#8243;][\/vc_column][\/vc_row][vc_row full_width=&#8221;stretch_row&#8221; wrap_container=&#8221;yes&#8221; is_section=&#8221;yes&#8221; section_skin=&#8221;primary&#8221; remove_margin_top=&#8221;yes&#8221; remove_margin_bottom=&#8221;yes&#8221; remove_padding_bottom=&#8221;yes&#8221; remove_border=&#8221;yes&#8221; el_class=&#8221;p-b-sm&#8221;][vc_column width=&#8221;1\/4&#8243;]<div class=\"stats-block stats-top   wpb_custom_a517333ace5b1666c6af8bd4684f1de9 \"><div class=\"stats-desc\"><div class=\"counter_prefix mycust\" style=\" font-size:35px;\">+<\/div><div id=\"counter_61156748669dfd6c04b2cc\" data-id=\"counter_61156748669dfd6c04b2cc\" class=\"stats-number\" style=\" font-size:35px;line-height:35px;color:#ffffff;\" data-speed=\"3\" data-counter-value=\"59\" data-separator=\",\" data-decimal=\".\">0<\/div><div class=\"stats-text\" style=\"font-size:16.8px;line-height:16.8px;color:rgba(255,255,255,0.5);\">Anys teixint<\/div><\/div><\/div>[\/vc_column][vc_column width=&#8221;1\/4&#8243;]<div class=\"stats-block stats-top   wpb_custom_a517333ace5b1666c6af8bd4684f1de9 \"><div class=\"stats-desc\"><div class=\"counter_prefix mycust\" style=\" font-size:35px;\">+<\/div><div id=\"counter_93235325069dfd6c04b3a5\" data-id=\"counter_93235325069dfd6c04b3a5\" class=\"stats-number\" style=\" font-size:35px;line-height:35px;color:#ffffff;\" data-speed=\"3\" data-counter-value=\"4000\" data-separator=\"none\" data-decimal=\".\">0<\/div><div class=\"stats-text\" style=\"font-size:16.8px;line-height:16.8px;color:rgba(255,255,255,0.5);\">Clients satisfets<\/div><\/div><\/div>[\/vc_column][vc_column width=&#8221;1\/4&#8243;]<div class=\"stats-block stats-top   wpb_custom_a517333ace5b1666c6af8bd4684f1de9 \"><div class=\"stats-desc\"><div id=\"counter_11162137669dfd6c04b44d\" data-id=\"counter_11162137669dfd6c04b44d\" class=\"stats-number\" style=\" font-size:35px;line-height:35px;color:#ffffff;\" data-speed=\"3\" data-counter-value=\"14\" data-separator=\"none\" data-decimal=\".\">0<\/div><div class=\"stats-text\" style=\"font-size:16.8px;line-height:16.8px;color:rgba(255,255,255,0.5);\">Pa\u00efsos on treballem<\/div><\/div><\/div>[\/vc_column][vc_column width=&#8221;1\/4&#8243;]<div class=\"stats-block stats-top   wpb_custom_a517333ace5b1666c6af8bd4684f1de9 \"><div class=\"stats-desc\"><div class=\"counter_prefix mycust\" style=\" font-size:35px;color:#ffffff\">+<\/div><div id=\"counter_199313887469dfd6c04b4dc\" data-id=\"counter_199313887469dfd6c04b4dc\" class=\"stats-number\" style=\" font-size:35px;line-height:35px;color:#ffffff;\" data-speed=\"3\" data-counter-value=\"2000\" data-separator=\"none\" data-decimal=\".\">0<\/div><div class=\"stats-text\" style=\"font-size:16.8px;line-height:16.8px;color:rgba(255,255,255,0.5);\">Solucions t\u00e8xtils<\/div><\/div><\/div>[\/vc_column][\/vc_row][vc_row wrap_container=&#8221;yes&#8221; css=&#8221;.vc_custom_1562754963878{padding-top: 60px !important;padding-bottom: 10px !important;}&#8221;][vc_column][vc_custom_heading text=&#8221;Qui <b>som<\/b>&#8221; font_container=&#8221;tag:h2|font_size:25px|text_align:left&#8221; use_theme_fonts=&#8221;yes&#8221; css=&#8221;.vc_custom_1562754725619{margin-bottom: 20px !important;}&#8221;][vc_row_inner css=&#8221;.vc_custom_1544012696155{margin-bottom: 80px !important;}&#8221;][vc_column_inner el_class=&#8221;pr-lg-5&#8243; offset=&#8221;vc_col-md-6&#8243;][vc_column_text]<\/p>\n<p class=\"lead\" style=\"text-align: justify;\">Gonclovil Textile Services est\u00e0 ubicat a una regi\u00f3, Barcelona, amb llarga tradici\u00f3 t\u00e8xtil de la qual en formem part des de fa m\u00e9s de 50 anys.<\/p>\n<p class=\"lead\" style=\"text-align: justify;\">Esta a dins d\u2019un cl\u00faster que ens permet viure amb intensitat la cultura d\u2019aquest sector.<\/p>\n<p style=\"text-align: justify;\"><a class=\"font-weight-semibold text-sm\" href=\"http:\/\/gonclovil.com\/ca\/empresa\/\">LLEGEIX M\u00c9S<i class=\"fa fa-chevron-right ml-2\"><\/i><\/a><\/p>\n<p>[\/vc_column_text][\/vc_column_inner][vc_column_inner offset=&#8221;vc_col-md-6&#8243;][vc_single_image image=&#8221;4801&#8243; img_size=&#8221;480&#215;280&#8243;][\/vc_column_inner][\/vc_row_inner][\/vc_column][\/vc_row][vc_row wrap_container=&#8221;yes&#8221; animation_delay=&#8221;&#8221;][vc_column width=&#8221;1\/3&#8243; animation_delay=&#8221;300&#8243; animation_type=&#8221;fadeInRight&#8221;]<div class=\"porto-sicon-box  wpb_custom_1efe903570d178ff0a9b7bfa5febd3a4 style_1 top-icon\"><div class=\"porto-sicon-top\"><div id=\"porto-icon-172197265669dfd6c04bed7\" class=\"porto-just-icon-wrapper porto-sicon-img\" style=\"background:transparent;padding:36px;border-radius:500px;font-size: 88px;\"><img class=\"img-icon\" alt=\"\" src=\"https:\/\/gonclovil.com\/wp-content\/uploads\/2019\/09\/misio\u0301_p.png\" width=\"142\" height=\"142\" \/><\/div><\/div><div class=\"porto-sicon-header\"><h3 class=\"porto-sicon-title\" style=\"font-weight:700;\">Missi\u00f3<\/h3><\/div> <!-- header --><div class=\"porto-sicon-description\" style=\"\">\u00c0mplia col\u00b7lecci\u00f3 de productes b\u00e0sics i\/o innovadors i flexibles davant demandes concretes.<\/div> <!-- description --><\/div><!-- porto-sicon-box --><div class=\"porto-btn-ctn-center \"><a class=\"porto-btn porto-adjust-bottom-margin porto-btn-small porto-btn-fade-bg  wpb_custom_fa51088c2567b780100c1edcf8821d3b  porto-btn-center \"  rel='' href = \"http:\/\/gonclovil.com\/ca\/empresa\/#gonclovil\"  data-hover=\"#ffffff\" data-border-color=\"\" data-bg=\"#83003c\" data-hover-bg=\"#824c62\" data-border-hover=\"\" data-shadow-click=\"none\" data-shadow=\"\" style=\"border:none;background: #83003c;color: #ffffff;\"><span class=\"porto-btn-hover\" style=\"background-color:#824c62\"><\/span><span class=\"porto-btn-data porto-btn-text \" >+ Info<\/span><\/a><\/div>[vc_empty_space][\/vc_column][vc_column width=&#8221;1\/3&#8243; animation_type=&#8221;fadeInUp&#8221;]<div class=\"porto-sicon-box  wpb_custom_1efe903570d178ff0a9b7bfa5febd3a4 style_1 top-icon\"><div class=\"porto-sicon-top\"><div id=\"porto-icon-188377837469dfd6c04c50a\" class=\"porto-just-icon-wrapper porto-sicon-img\" style=\"background:transparent;padding:36px;border-radius:500px;font-size: 88px;\"><img class=\"img-icon\" alt=\"\" src=\"https:\/\/gonclovil.com\/wp-content\/uploads\/2019\/09\/visio\u0301_p.png\" width=\"142\" height=\"142\" \/><\/div><\/div><div class=\"porto-sicon-header\"><h3 class=\"porto-sicon-title\" style=\"font-weight:700;\">Visi\u00f3<\/h3><\/div> <!-- header --><div class=\"porto-sicon-description\" style=\"\">Com empresa ens mou la curiositat i la creativitat i \u00e9s a trav\u00e9s d\u2019elles que volem ser.<\/div> <!-- description --><\/div><!-- porto-sicon-box --><div class=\"porto-btn-ctn-center \"><a class=\"porto-btn porto-adjust-bottom-margin porto-btn-small porto-btn-fade-bg  wpb_custom_fa51088c2567b780100c1edcf8821d3b  porto-btn-center \"  rel='' href = \"http:\/\/gonclovil.com\/ca\/empresa\/#gonclovil\"  data-hover=\"#ffffff\" data-border-color=\"\" data-bg=\"#83003c\" data-hover-bg=\"#824c62\" data-border-hover=\"\" data-shadow-click=\"none\" data-shadow=\"\" style=\"border:none;background: #83003c;color: #ffffff;\"><span class=\"porto-btn-hover\" style=\"background-color:#824c62\"><\/span><span class=\"porto-btn-data porto-btn-text \" >+ Info<\/span><\/a><\/div>[vc_empty_space][\/vc_column][vc_column width=&#8221;1\/3&#8243; animation_delay=&#8221;300&#8243; animation_type=&#8221;fadeInLeft&#8221;]<div class=\"porto-sicon-box  wpb_custom_1efe903570d178ff0a9b7bfa5febd3a4 style_1 top-icon\"><div class=\"porto-sicon-top\"><div id=\"porto-icon-22585442769dfd6c04c925\" class=\"porto-just-icon-wrapper porto-sicon-img\" style=\"background:transparent;padding:36px;border-radius:500px;font-size: 88px;\"><img class=\"img-icon\" alt=\"\" src=\"https:\/\/gonclovil.com\/wp-content\/uploads\/2019\/09\/valors_p.png\" width=\"142\" height=\"142\" \/><\/div><\/div><div class=\"porto-sicon-header\"><h3 class=\"porto-sicon-title\" style=\"font-weight:700;\">Valors<\/h3><\/div> <!-- header --><div class=\"porto-sicon-description\" style=\"\">Treballem per satisfer els nostres clients adaptant els nostres productes a les seves necessitats.<\/div> <!-- description --><\/div><!-- porto-sicon-box --><div class=\"porto-btn-ctn-center \"><a class=\"porto-btn porto-adjust-bottom-margin porto-btn-small porto-btn-fade-bg  wpb_custom_fa51088c2567b780100c1edcf8821d3b  porto-btn-center \"  rel='' href = \"http:\/\/gonclovil.com\/ca\/empresa\/#gonclovil\"  data-hover=\"#ffffff\" data-border-color=\"\" data-bg=\"#83003c\" data-hover-bg=\"#824c62\" data-border-hover=\"\" data-shadow-click=\"none\" data-shadow=\"\" style=\"border:none;background: #83003c;color: #ffffff;\"><span class=\"porto-btn-hover\" style=\"background-color:#824c62\"><\/span><span class=\"porto-btn-data porto-btn-text \" >+ Info<\/span><\/a><\/div>[vc_empty_space][\/vc_column][\/vc_row][vc_row wrap_container=&#8221;yes&#8221; el_class=&#8221;call-to-action-in-footer&#8221; css=&#8221;.vc_custom_1544001968043{padding-top: 50px !important;padding-bottom: 50px !important;background-color: #f7f7f7 !important;}&#8221;][vc_column][vc_cta h2=&#8221;Si <b> tens<\/b> qualsevol <b>consulta,<\/b> contacta&#8217;ns!&#8221; txt_align=&#8221;center&#8221; shape=&#8221;square&#8221; style=&#8221;flat&#8221; color=&#8221;white&#8221; add_button=&#8221;right&#8221; btn_title=&#8221;Contacta&#8217;ns&#8221; btn_style=&#8221;modern&#8221; btn_color=&#8221;primary&#8221; btn_size=&#8221;lg&#8221; btn_align=&#8221;center&#8221; btn_skin=&#8221;dark&#8221; btn_show_arrow=&#8221;yes&#8221; btn_el_class=&#8221;btn-call-to-action&#8221; css=&#8221;.vc_custom_1567005627032{background-color: #f7f7f7 !important;}&#8221; el_class=&#8221;mb-0&#8243; btn_link=&#8221;url:http%3A%2F%2Fgonclovil.com%2Fca%2Fcontacte%2F|||&#8221;]Envia&#8217;ns la teva consulta i respondrem tant aviat ens sigui possible![\/vc_cta][\/vc_column][\/vc_row]<\/p>\n","protected":false},"excerpt":{"rendered":"<p>[vc_row wrap_container=&#8221;yes&#8221; el_class=&#8221;home-intro home-intro-dark&#8221;][vc_column width=&#8221;2\/3&#8243;][vc_column_text el_class=&#8221;m-b-none&#8221;]Curiositat + Creativitat = Innovaci\u00f3 Benvinguts a Gonclovil Textile Services[\/vc_column_text][\/vc_column][vc_column width=&#8221;1\/3&#8243; el_class=&#8221;get-started&#8221;][vc_btn title=&#8221;Contacta&#8217;ns&#8221; size=&#8221;lg&#8221; skin=&#8221;primary&#8221; link=&#8221;url:http%3A%2F%2Fgonclovil.com%2Fca%2Fcontacte%2F|||&#8221; el_class=&#8221;mb-0 font-weight-semibold&#8221;][\/vc_column][\/vc_row][vc_row wrap_container=&#8221;yes&#8221; el_class=&#8221;p-t-lg&#8221; animation_type=&#8221;fadeInUp&#8221;][vc_column][vc_custom_heading text=&#8221;Productes Destacats&#8221; font_container=&#8221;tag:h2|font_size:25px|text_align:left&#8221; use_theme_fonts=&#8221;yes&#8221; css=&#8221;.vc_custom_1562751431836{margin-bottom: 20px !important;}&#8221;][vc_separator color=&#8221;custom&#8221; gap=&#8221;taller&#8221; gradient=&#8221;yes&#8221;][vc_single_image image=&#8221;2358&#8243; img_size=&#8221;1200&#215;240&#8243;][\/vc_column][\/vc_row][vc_row full_width=&#8221;stretch_row&#8221; wrap_container=&#8221;yes&#8221; is_section=&#8221;yes&#8221; section_skin=&#8221;primary&#8221; remove_margin_top=&#8221;yes&#8221; remove_margin_bottom=&#8221;yes&#8221; remove_padding_bottom=&#8221;yes&#8221; remove_border=&#8221;yes&#8221; el_class=&#8221;p-b-sm&#8221;][vc_column width=&#8221;1\/4&#8243;][\/vc_column][vc_column width=&#8221;1\/4&#8243;][\/vc_column][vc_column width=&#8221;1\/4&#8243;][\/vc_column][vc_column width=&#8221;1\/4&#8243;][\/vc_column][\/vc_row][vc_row wrap_container=&#8221;yes&#8221; css=&#8221;.vc_custom_1562754963878{padding-top: 60px !important;padding-bottom: [&hellip;]<\/p>\n","protected":false},"author":1,"featured_media":0,"parent":0,"menu_order":0,"comment_status":"closed","ping_status":"closed","template":"","meta":{"om_disable_all_campaigns":false,"_mi_skip_tracking":false,"_monsterinsights_sitenote_active":false,"_monsterinsights_sitenote_note":"","_monsterinsights_sitenote_category":0},"aioseo_notices":[],"_links":{"self":[{"href":"https:\/\/gonclovil.com\/ca\/wp-json\/wp\/v2\/pages\/143"}],"collection":[{"href":"https:\/\/gonclovil.com\/ca\/wp-json\/wp\/v2\/pages"}],"about":[{"href":"https:\/\/gonclovil.com\/ca\/wp-json\/wp\/v2\/types\/page"}],"author":[{"embeddable":true,"href":"https:\/\/gonclovil.com\/ca\/wp-json\/wp\/v2\/users\/1"}],"replies":[{"embeddable":true,"href":"https:\/\/gonclovil.com\/ca\/wp-json\/wp\/v2\/comments?post=143"}],"version-history":[{"count":24,"href":"https:\/\/gonclovil.com\/ca\/wp-json\/wp\/v2\/pages\/143\/revisions"}],"predecessor-version":[{"id":60091,"href":"https:\/\/gonclovil.com\/ca\/wp-json\/wp\/v2\/pages\/143\/revisions\/60091"}],"wp:attachment":[{"href":"https:\/\/gonclovil.com\/ca\/wp-json\/wp\/v2\/media?parent=143"}],"curies":[{"name":"wp","href":"https:\/\/api.w.org\/{rel}","templated":true}]}}