{"id":45164,"date":"2023-07-11T06:31:15","date_gmt":"2023-07-11T06:31:15","guid":{"rendered":"https:\/\/gonclovil.com\/declaracion-de-accesibilidad\/"},"modified":"2023-07-11T06:34:38","modified_gmt":"2023-07-11T06:34:38","slug":"declaracio-daccessibilitat","status":"publish","type":"page","link":"https:\/\/gonclovil.com\/ca\/declaracio-daccessibilitat\/","title":{"rendered":"Declaraci\u00f3 d&#8217;accessibilitat"},"content":{"rendered":"<p>[vc_row wrap_container=&#8221;yes&#8221; css=&#8221;.vc_custom_1543831225971{padding-top: 50px !important;}&#8221;][vc_column]<div class=\"porto-u-heading  wpb_custom_95aa9a11c17ad45cfabaf210d84ee7cc\" data-hspacer=\"no_spacer\" data-halign=\"left\" style=\"text-align:left\"><div class=\"porto-u-main-heading\"><h2   style=\"margin-bottom: 20px;font-size:25px;\"><b>Declaraci\u00f3n de accesibilidad<\/b><\/h2><\/div><\/div>[vc_column_text]GONCLOVIL, S.L. t\u00e9 com a comprom\u00eds crear i publicar webs amb disseny universal i continguts accessibles per al m\u00e0xim nombre possible d\u2019usuaris i usu\u00e0ries i apropar, aix\u00ed, la comunicaci\u00f3 municipal i l\u2019\u00fas de les noves tecnologies a la ciutadania.<\/p>\n<p>Per dur a terme aquest objectiu, aplica la normativa est\u00e0ndard WAI (Web Accessibility Initiative) adoptada per la Uni\u00f3 Europea. La finalitat \u00e9s que la majoria de webs de www.gonclovil.com compleixin les pautes d\u2019accessibilitat de nivell AA definides per les normes WAI (WCAG 2.1).<\/p>\n<p>Aix\u00f2 significa que tant una persona amb algun tipus de discapacitat com qualsevol altra que es trobi en una circumst\u00e0ncia que dificulti l\u2019acc\u00e9s a la informaci\u00f3 de la p\u00e0gina web podr\u00e0 accedir als continguts amb \u00e8xit.<\/p>\n<p>GONCLOVIL, S.L. s\u2019ha comprom\u00e8s a fer accessibles els seus webs de conformitat amb el <a href=\"https:\/\/www.boe.es\/boe_catalan\/dias\/2018\/09\/19\/pdfs\/BOE-A-2018-12699-C.pdf\" target=\"_blank\" rel=\"noopener\">(d\u2019ara endavant, Reial decret 1112\/2018, de 7 de setembre). La majoria dels webs de la instituci\u00f3 s\u00f3n parcialment conformes amb la legislaci\u00f3 vigent i es treballa di\u00e0riament per assolir nivells \u00f2ptims d\u2019accessibilitat.<\/a><\/p>\n<p>L\u2019evoluci\u00f3 de les noves tecnologies de la informaci\u00f3, tant en format web com en format multidispositiu, permet que els continguts oferts a trav\u00e9s d\u2019internet siguin cada vegada m\u00e9s accessibles. GONCLOVIL, S.L., en l\u00ednia amb el comprom\u00eds adquirit amb l\u2019accessibilitat universal, ha considerat que la divulgaci\u00f3 de la informaci\u00f3 sobre l\u2019accessibilitat web i de multidispositiu \u00e9s un servei important per a aquells usuaris i aquelles usu\u00e0ries que necessitin una guia per accedir sense dificultat a la web de <a href=\"https:\/\/gonclovil.com\/\">www.gonclovil.com<\/a>\u00a0i per aquest motiu posa a disposici\u00f3 aquest lloc web amb recursos que facilitin la navegaci\u00f3 per a totes les persones.[\/vc_column_text][\/vc_column][\/vc_row]<\/p>\n","protected":false},"excerpt":{"rendered":"<p>[vc_row wrap_container=&#8221;yes&#8221; css=&#8221;.vc_custom_1543831225971{padding-top: 50px !important;}&#8221;][vc_column][vc_column_text]GONCLOVIL, S.L. t\u00e9 com a comprom\u00eds crear i publicar webs amb disseny universal i continguts accessibles per al m\u00e0xim nombre possible d\u2019usuaris i usu\u00e0ries i apropar, aix\u00ed, la comunicaci\u00f3 municipal i l\u2019\u00fas de les noves tecnologies a la ciutadania. Per dur a terme aquest objectiu, aplica la normativa est\u00e0ndard WAI (Web [&hellip;]<\/p>\n","protected":false},"author":1,"featured_media":0,"parent":0,"menu_order":0,"comment_status":"closed","ping_status":"closed","template":"","meta":{"om_disable_all_campaigns":false,"_mi_skip_tracking":false,"_monsterinsights_sitenote_active":false,"_monsterinsights_sitenote_note":"","_monsterinsights_sitenote_category":0},"aioseo_notices":[],"_links":{"self":[{"href":"https:\/\/gonclovil.com\/ca\/wp-json\/wp\/v2\/pages\/45164"}],"collection":[{"href":"https:\/\/gonclovil.com\/ca\/wp-json\/wp\/v2\/pages"}],"about":[{"href":"https:\/\/gonclovil.com\/ca\/wp-json\/wp\/v2\/types\/page"}],"author":[{"embeddable":true,"href":"https:\/\/gonclovil.com\/ca\/wp-json\/wp\/v2\/users\/1"}],"replies":[{"embeddable":true,"href":"https:\/\/gonclovil.com\/ca\/wp-json\/wp\/v2\/comments?post=45164"}],"version-history":[{"count":4,"href":"https:\/\/gonclovil.com\/ca\/wp-json\/wp\/v2\/pages\/45164\/revisions"}],"predecessor-version":[{"id":45172,"href":"https:\/\/gonclovil.com\/ca\/wp-json\/wp\/v2\/pages\/45164\/revisions\/45172"}],"wp:attachment":[{"href":"https:\/\/gonclovil.com\/ca\/wp-json\/wp\/v2\/media?parent=45164"}],"curies":[{"name":"wp","href":"https:\/\/api.w.org\/{rel}","templated":true}]}}