{"id":67,"date":"2016-06-14T05:20:40","date_gmt":"2016-06-14T05:20:40","guid":{"rendered":"http:\/\/sw-themes.com\/porto_dummy\/?page_id=67"},"modified":"2019-07-16T06:55:20","modified_gmt":"2019-07-16T06:55:20","slug":"politica-de-cookies","status":"publish","type":"page","link":"https:\/\/gonclovil.com\/ca\/politica-de-cookies\/","title":{"rendered":"Pol\u00edtica de cookies"},"content":{"rendered":"<p>[vc_row wrap_container=&#8221;yes&#8221; css=&#8221;.vc_custom_1543831225971{padding-top: 50px !important;}&#8221;][vc_column]<div class=\"porto-u-heading  wpb_custom_95aa9a11c17ad45cfabaf210d84ee7cc\" data-hspacer=\"no_spacer\" data-halign=\"left\" style=\"text-align:left\"><div class=\"porto-u-main-heading\"><h2   style=\"margin-bottom: 20px;font-size:25px;\"><b>Informaci\u00f3 general de les galetes<\/b><\/h2><\/div><\/div>[vc_column_text]La confian\u00e7a del usuari \u00e9s important per a nosaltres, i per tant, a GONCLOVIL ens preocupa protegir la vostra privacitat. Un aspecte important d&#8217;aix\u00f2 \u00e9s proporcionar-li tota la informaci\u00f3 possible sobre com utilitzem les seves dades de car\u00e0cter personal, fins i tot com s&#8217;utilitza el local d&#8217;emmagatzematge de dades i tecnologia similar<\/p>\n<p>L&#8217;emmagatzematge local de dades implica l&#8217;emmagatzematge de diferents tipus de dades localment en el seu dispositiu a trav\u00e9s del seu navegador web. Les dades que es poden emmagatzemar localment poden, per exemple, contenir la configuraci\u00f3 de l&#8217;usuari, informaci\u00f3 sobre com navega per la nostra web, quin navegador web utilitza, quins anuncis s&#8217;han mostrat i la similitud en llocs web amb els quals treballem. Els dades emmagatzemades localment es poden utilitzar per personalitzar el contingut i les funcions en els nostres serveis, de manera que les seves visites siguin m\u00e9s c\u00f2modes i tinguin m\u00e9s sentit.<\/p>\n<p>Un m\u00e8tode d&#8217;emmagatzematge local de dades s\u00f3n les cookies. Les cookies s\u00f3n petits arxius de text que es troben en el seu dispositiu (PC, tel\u00e8fon m\u00f2bil o tablet) que permeten recon\u00e8ixer la seva navegaci\u00f3 web. Les cookies contenen informaci\u00f3 principalment sobre la seva navegaci\u00f3 web i sobre qualsevol activitat que s&#8217;hagi produ\u00eft en ell. Ens ajuden a garantir la seguretat i el funcionament \u00f2ptim de la nostra web, quan surt de la nostra p\u00e0gina web aquestes s\u00f3n eliminades (cookies de seguretat i sessi\u00f3 de cookies) i recullen informaci\u00f3 sobre els productes que els interessen a les nostres visites d&#8217;Internet i sobre com naveguen a trav\u00e9s de la nostra web perqu\u00e8 les nostres ofertes siguin m\u00e9s atractives per als usuaris (seguiment de cookies).<\/p>\n<p>&nbsp;<\/p>\n<p><strong>Informaci\u00f3 complement\u00e0ria de les cookies<\/strong><\/p>\n<p>Utilitzem l&#8217;emmagatzematge local de dades per a una s\u00e8rie de finalitats, com ara: permetre&#8217;ns realitzar els nostres serveis; Aportar contingut pertinent, personalitzat quan visiteu els nostres llocs web; mesurar i analitzar el tr\u00e0nsit a la nostra web; millorar els nostres serveis; i dirigir publicitat espec\u00edfica. A continuaci\u00f3, s&#8217;ofereixen m\u00e9s detalls sobre aquests temes:<\/p>\n<ul>\n<li>Per a la nostra publicitat:<\/li>\n<\/ul>\n<p>Utilitzem l&#8217;emmagatzematge local de dades en relaci\u00f3 amb les activitats publicit\u00e0ries. Aix\u00f2 ens permet saber si i amb freq\u00fc\u00e8ncia l&#8217;usuari ha vist un anunci o determinat tipus d&#8217;anunci, i quant temps fa que ho ha vist.<\/p>\n<p>Tamb\u00e9 utilitzem l&#8217;emmagatzematge local de dades per constru\u00efr segments i grups objectius amb finalitats de m\u00e0rqueting i dirigir anuncis espec\u00edfics.<\/p>\n<ul>\n<li>Per analitzar i millorar els nostres serveis:<\/li>\n<\/ul>\n<p>Utilitzem diverses eines de mesura que ens proporcionen estad\u00edstiques i an\u00e0lisi relatives als nostres serveis. Aquestes eines permeten recon\u00e8ixer el navegador web al llarg del temps i saber si el visitant ha visitat el lloc web anteriorment i si \u00e9s aix\u00ed amb quina freq\u00fc\u00e8ncia. Aquestes eines ens ofereixen la possibilitat d&#8217;aconseguir una visi\u00f3 general de quants usuaris \u00fanics tenim i com utilitzen els nostres serveis.<\/p>\n<p>Aix\u00ed mateix, utilitzem la informaci\u00f3 que hem recollit i analitzat per desenvolupar i millorar els nostres serveis; per exemple, averiguar quins serveis generen m\u00e9s tr\u00e0nsit o veure si un servei est\u00e0 funcionant de manera \u00f2ptima.<\/p>\n<ul>\n<li>Per lliurar i adaptar els serveis a la seva utilitzaci\u00f3:<\/li>\n<\/ul>\n<p>Es requereix i es necessita l&#8217;emmagatzematge local de dades amb l&#8217;objectiu de permetre&#8217;ns utilitzar els nostres serveis, tals com informaci\u00f3 sobre la seva configuraci\u00f3, que ens diu com s&#8217;han de presentar els serveis en el seu navegador web.<\/p>\n<p>Tamb\u00e9 utilitzem l&#8217;emmagatzematge local de dades per adaptar els nostres serveis a la seva utilitzaci\u00f3 el millor possible.<\/p>\n<p>&nbsp;<\/p>\n<p><strong>Gesti\u00f3 de les cookies<\/strong><\/p>\n<p>Podeu desactivar les cookies o configurar el seu navegador perqu\u00e8 avisi quan envien una cookie.<\/p>\n<p>La configuraci\u00f3 al vostre navegador web normalment mostra una llista de totes les cookies que s&#8217;han emmagatzemat per proporcionar-vos una visi\u00f3 general i, si ho desitja, per eliminar les galetes no desitjades. Normalment, es pot indicar que accepta l&#8217;emmagatzematge de cookies dels llocs web que visita o de tercers afiliats a aquests llocs web. Tamb\u00e9 es pot triar ser notificat cada vegada que s\u2019emmagatzema una nova cookie. Se li proporciona a continuaci\u00f3, orientaci\u00f3 sobre com fer-ho en diferents navegadors web. El seu navegador web normalment emmagatzema cookies en una carpeta espec\u00edfica en el seu disc dur, de manera que pugui examinar tamb\u00e9 el contingut amb m\u00e9s detall.<\/p>\n<p>No obstant aix\u00f2, les cookies que estan presents a la p\u00e0gina web canvien amb freq\u00fc\u00e8ncia, i no totes les galetes s\u00f3n igual d&#8217;importants. Per tant, si INFORMATICA LLU\u00c7ANES SL canvia l&#8217;\u00fas de les cookies de seguiment, se li notificar\u00e0 amb un missatge.<\/p>\n<p>Aix\u00ed mateix, hi ha disponibles serveis que han estat desenvolupats especialment per proporcionar als usuaris una llista actualitzada de cookies i altres mecanismes de seguiment.<\/p>\n<p>Tingueu en compte que si vost\u00e8 els desactiva, \u00e9s possible que no puguem gaudir de totes les funcionalitats de la nostra web.<\/p>\n<p>A continuaci\u00f3, se li presenta un resum de com les dades emmagatzemades localment es poden gestionar en diferents navegadors web. Tingueu en compte que aquest proc\u00e9s pot canviar i que les descripcions donades aqu\u00ed no poden estar actualitzades.<\/p>\n<p><strong>Gesti\u00f3 de cookies a Google Chrome<\/strong><\/p>\n<ul>\n<li>Com eliminar les cookies:<\/li>\n<li>V\u00e9s a Configuraci\u00f3 en el men\u00fa del teu navegador.<\/li>\n<li>Feu clic a Mostra la configuraci\u00f3 avan\u00e7ada.<\/li>\n<li>Feu clic a Eliminar dades de navegaci\u00f3.<\/li>\n<li>Selecciona el per\u00edode de temps per al qual desitgeu eliminar la informaci\u00f3 del men\u00fa a la part superior. Si desitgeu eliminar totes les galetes en el navegador, feu clic a Des del origen dels temps.<\/li>\n<li>Marca Cookies i altres dades de llocs i complements.<\/li>\n<li>Feu clic a Esborra dades de navegaci\u00f3.<\/li>\n<li>Tanca la finestra.<\/li>\n<li>Com evitar que les galetes s\u2019emmagatzemin al navegador web:<\/li>\n<li>Anar a prefer\u00e8ncies al men\u00fa del teu navegador.<\/li>\n<li>Feu clic a Mostra la configuraci\u00f3 avan\u00e7ada i despr\u00e9s feu clic a Configuraci\u00f3 de contingut.<\/li>\n<li>A Cookies, selecciona la teva opci\u00f3 preferida. Si voleu evitar que totes les galetes quedin emmagatzemades, feu clic a No permetre que es guardin dades dels llocs.<\/li>\n<li>Feu clic a Fet.<\/li>\n<li>Tanca la finestra.<\/li>\n<\/ul>\n<p><strong>Gesti\u00f3 de cookies en Safari<\/strong><\/p>\n<ul>\n<li>Com eliminar les galetes:<\/li>\n<li>Anar a Prefer\u00e8ncies en el men\u00fa del seu navegador.<\/li>\n<li>Feu clic a la pestanya Privacitat.<\/li>\n<li>Feu clic a Elimineu tots els dades dels llocs web i feu clic a Eliminar per eliminar totes les galetes.<\/li>\n<li>Tanca la finestra.<\/li>\n<li>Com evitar que les galetes s\u2019emmagatxemin en el seu navegador web:<\/li>\n<li>Anar a Prefer\u00e8ncies en el men\u00fa del vostre navegador<\/li>\n<li>Feu clic a la pestanya Privacitat.<\/li>\n<li>A Cookies i dades de llocs web selecciona la teva opci\u00f3 preferida. Si desitgeu evitar que totes les galetes quedin emmagatzemades, feu clic a Bloqueig sempre.<\/li>\n<li>Tanca la finestra.<\/li>\n<\/ul>\n<p>&nbsp;<\/p>\n<p><strong>Gesti\u00f3 de cookies en Mozilla Firefox<\/strong><\/p>\n<ul>\n<li>Com eliminar les galetes:<\/li>\n<li>Anar a Opcions al men\u00fa del vostre navegador.<\/li>\n<li>Feu clic a la pestanya Privacitat.<\/li>\n<li>Feu clic a Mostra les galetes.<\/li>\n<li>Selecciona les cookies que desitges eliminar i feu clic a Eliminar seleccionades. Feu clic a Eliminar totes si voleu eliminar totes les galetes a la vostra web.<\/li>\n<li>Tanca la finestra. Qualsevol canvi que hagueu fet es guardar\u00e0 autom\u00e0ticament.<\/li>\n<li>Com evitar que les galetes s&#8217;emmagatzemen a la vostra navegador web:<\/li>\n<li>Anar a Configuraci\u00f3 al men\u00fa del vostre navegador.<\/li>\n<li>Selecciona la pestanya Privacitat.<\/li>\n<li>En Historial, feu clic a Utilitza una configuraci\u00f3 personalitzada per a l&#8217;historial.<\/li>\n<li>Selecciona les teves opcions preferides en Permet cookies de llocs web. Si desitgeu evitar que totes les galetes s&#8217;aturin, desactiveu la casella Acceptar cookies de llocs web.<\/li>\n<li>Tanca la finestra. Qualsevol canvi que hagueu fet es guardar\u00e0 autom\u00e0ticament.<\/li>\n<\/ul>\n<p>&nbsp;<\/p>\n<p><strong>Gesti\u00f3 de cookies en Internet Explorer<\/strong><\/p>\n<ul>\n<li>Com eliminar les galetes:<\/li>\n<li>Anar a Eines (icona de roda dentada) al men\u00fa de la teva navegador.<\/li>\n<li>Feu clic a Propietats d&#8217;Internet.<\/li>\n<li>A la pestanya General &#8211; Historial de navegaci\u00f3, feu clic a Eliminar.<\/li>\n<li>Assegureu-vos de marcar l&#8217;opci\u00f3 Cookies i dades de llocs web.<\/li>\n<li>Feu clic a Eliminar.<\/li>\n<li>Feu clic a D&#8217;acord.<\/li>\n<li>Com evitar que les galetes s&#8217;emmagatzemen en la seva navegaci\u00f3 web:<\/li>\n<li>Anar a Eines (icona de roda dentada) al men\u00fa de la teva navegador.<\/li>\n<li>Feu clic a Opcions d&#8217;Internet i despr\u00e9s feu clic a la pestanya Privacitat.<\/li>\n<li>Moveu la barra deslizante al nivell desitjat. Si desitgeu evitar que totes les galetes quedin en llibertat, seleccioneu el nivell Bloquejar totes les galetes.<\/li>\n<li>Feu clic a D&#8217;acord.<\/li>\n<\/ul>\n<p>&nbsp;<\/p>\n<p><strong>Gesti\u00f3 de cookies en Opera<\/strong><\/p>\n<ul>\n<li>Com eliminar les galetes:<\/li>\n<li>Anar a Configuraci\u00f3 al men\u00fa del vostre navegador.<\/li>\n<li>Selecciona la pestanya de Privacitat i Seguretat.<\/li>\n<li>Feu clic a Cookies i despr\u00e9s feu clic a Totes les galetes i dades de llocs web.<\/li>\n<li>Selecciona les cookies que desitges eliminar i feu clic a Eliminar.<\/li>\n<li>Feu clic a Eliminar totes si voleu eliminar totes les galetes a la vostra web del navegador.<\/li>\n<li>Feu clic a Fet.<\/li>\n<li>Tanca la finestra.<\/li>\n<li>Com evitar que les galetes s&#8217;emmagatzemin al seu navegador web:<\/li>\n<li>aneu a Configuraci\u00f3 al men\u00fa de la vostra navegador.<\/li>\n<li>Selecciona la pestanya de Privacitat i Seguretat. En Cookies, selecciona la teva opci\u00f3 preferida. Si desitgeu evitar que totes les galetes quedin emmagatzemades, feu clic a No permetre que es guardin dades dels llocs.<\/li>\n<li>Tanqueu la finestra.<\/li>\n<\/ul>\n<p>Informaci\u00f3 de contacte Per obtenir m\u00e9s transpar\u00e8ncia, si teniu alguna pregunta relacionada amb l&#8217;\u00fas del local de la nostra web, poseu-vos en contacte amb nosaltres en ventas@gonclovil.com, indicant en l&#8217;assumpte &#8220;Pol\u00edtica de cookies&#8221;[\/vc_column_text][\/vc_column][\/vc_row][vc_row wrap_container=&#8221;yes&#8221; css=&#8221;.vc_custom_1543831225971{padding-top: 50px !important;}&#8221;][vc_column]<div class=\"porto-u-heading  wpb_custom_95aa9a11c17ad45cfabaf210d84ee7cc\" data-hspacer=\"no_spacer\" data-halign=\"left\" style=\"text-align:left\"><div class=\"porto-u-main-heading\"><h2   style=\"margin-bottom: 20px;font-size:25px;\"><b>Informaci\u00f3n General de las cookies<\/b><\/h2><\/div><\/div>[vc_column_text]La confianza del usuario es importante para nosotros, y por consiguiente, en\u00a0<strong>GONCLOVIL, S.L.<\/strong>\u00a0nos preocupa proteger su privacidad. Un aspecto importante de esto es proporcionarle toda la informaci\u00f3n posible sobre c\u00f3mo utilizamos tus datos de car\u00e1cter personal, incluso c\u00f3mo utilizamos el almacenamiento local de datos y tecnolog\u00eda similar<\/p>\n<p>El almacenamiento local de datos implica almacenar diferentes tipos de datos localmente en su dispositivo a trav\u00e9s de su navegador web. Los datos almacenados localmente pueden, por ejemplo, contener la configuraci\u00f3n del usuario, informaci\u00f3n sobre c\u00f3mo navega por nuestro sitio web, qu\u00e9 navegador web utiliza, qu\u00e9 anuncios se han mostrado, y el comportamiento similar en sitios web con los que colaboramos. Los datos almacenados localmente pueden ser utilizados para personalizar el contenido y las funciones en nuestros servicios de forma que sus visitas sean m\u00e1s c\u00f3modas y tengan m\u00e1s sentido.<\/p>\n<p>Un m\u00e9todo de almacenamiento local de datos son las cookies. Las cookies son peque\u00f1os archivos de texto que se almacenan en su dispositivo (PC, tel\u00e9fono m\u00f3vil o tableta) que nos permiten reconocer su navegador web. Las cookies contienen informaci\u00f3n principalmente sobre su navegador web y sobre cualquier actividad que se ha producido en \u00e9l. Nos ayudan a garantizar la seguridad y el funcionamiento \u00f3ptimo de nuestro sitio web, una vez sale de nuestra web estas son eliminadas (cookies de seguridad y cookies de sesi\u00f3n) y recogen informaci\u00f3n sobre los productos que les interesan a nuestras visitas de internet y sobre c\u00f3mo navegan a trav\u00e9s de nuestro sitio web para que nuestras ofertas online sean m\u00e1s atractivas para los usuarios (cookies de seguimiento).<\/p>\n<h4>Informaci\u00f3n complementaria de la cookies<\/h4>\n<p>Utilizamos el almacenamiento local de datos para una serie de fines, tales como: permitirnos realizar nuestros servicios; aportarte contenido pertinente, personalizado cuando visitas nuestros sitios web; medir y analizar el tr\u00e1fico en nuestro sitio web; mejorar nuestros servicios; y dirigir publicidad espec\u00edfica. A continuaci\u00f3n, se ofrecen m\u00e1s detalles sobre estos temas:<\/p>\n<ul>\n<li>Para nuestra publicidad<\/li>\n<\/ul>\n<p>Utilizamos el almacenamiento local de datos en relaci\u00f3n con las actividades publicitarias. Esto nos permite saber si y con frecuencia el usuario ha visto un anuncio o determinado tipo de anuncio, y cu\u00e1nto tiempo hace que lo vio.<\/p>\n<p>Tambi\u00e9n utilizamos el almacenamiento local de datos para construir segmentos y grupos objetivo con fines de marketing y para dirigir anuncios espec\u00edficos.<\/p>\n<ul>\n<li>Para analizar y mejorar nuestros servicios<\/li>\n<\/ul>\n<p>Utilizamos diversas herramientas de medici\u00f3n que nos proporcionan estad\u00edsticas y an\u00e1lisis relativos a nuestros servicios. Estas herramientas nos permiten reconocer el navegador web a lo largo del tiempo y averiguar si el usuario ha visitado el sitio web anteriormente y si es as\u00ed con qu\u00e9 frecuencia. Estas herramientas nos ofrecen la posibilidad de lograr una visi\u00f3n general de cu\u00e1ntos usuarios \u00fanicos tenemos y c\u00f3mo utilizan nuestros servicios.<\/p>\n<p>Asimismo, utilizamos la informaci\u00f3n que hemos recogido y analizado para desarrollar y mejorar nuestros servicios; por ejemplo, averiguando qu\u00e9 servicios generan mucho tr\u00e1fico o viendo si un servicio est\u00e1 funcionando de manera \u00f3ptima.<\/p>\n<ul>\n<li>Para entregar y adaptar los servicios a su uso<\/li>\n<\/ul>\n<p>Se requiere y es necesario el almacenamiento local de datos con el fin de permitirte utilizar nuestros servicios, tales como informaci\u00f3n sobre su configuraci\u00f3n, que nos dice c\u00f3mo deben presentarse los servicios en tu navegador web.<\/p>\n<p>Tambi\u00e9n utilizamos el almacenamiento local de datos para adaptar nuestros servicios a su uso lo mejor posible.<\/p>\n<h4>Gesti\u00f3n de las cookies<\/h4>\n<p>Puede desactivar las cookies o configurar su navegador para que le avise cuando te env\u00edan una cookie.<\/p>\n<p>La configuraci\u00f3n en su navegador web normalmente muestra una lista de todas las cookies que han sido almacenadas para proporcionarle una visi\u00f3n general y, si lo desea, para eliminar las cookies no deseadas. Normalmente, puede indicar que acepta el almacenamiento de cookies de los sitios web que visitas o de terceros afiliados a dichos sitios web. Tambi\u00e9n puede escoger ser notificado cada vez que se almacena una nueva cookie. Se le proporciona a continuaci\u00f3n orientaci\u00f3n sobre c\u00f3mo hacer esto en diferentes navegadores web. Su navegador web almacena normalmente cookies en una carpeta espec\u00edfica en su disco duro, de forma que pueda examinar tambi\u00e9n el contenido con m\u00e1s detalle.<\/p>\n<p>Sin embargo, las cookies que est\u00e1n presentes en el sitio web cambian con frecuencia, y no todas las cookies son igual de importantes. Por consiguiente, si\u00a0<strong>GONCLOVIL, S.L.<\/strong>\u00a0cambia el uso de las cookies de seguimiento, se le notificar\u00e1 con un mensaje.<\/p>\n<p>Asimismo, hay disponibles servicios que han sido desarrollados especialmente para proporcionar a los usuarios una lista actualizada de cookies y otros mecanismos de seguimiento.<\/p>\n<p>Tenga en cuenta que si usted las desactiva, es posible que no pueda disfrutar de todas las funcionalidades de nuestro sitio web<\/p>\n<p>A continuaci\u00f3n, se le presenta un resumen de c\u00f3mo los datos almacenados localmente pueden ser gestionados en diferentes navegadores web. Tenga en cuenta que este proceso puede cambiar y que las descripciones dadas aqu\u00ed pueden no estar actualizadas.<\/p>\n<h4><strong>Gesti\u00f3n de cookies en Google Chrome<\/strong><\/h4>\n<ul>\n<li>C\u00f3mo eliminar cookies:\n<ol>\n<li>Ve a Configuraci\u00f3n en el men\u00fa de su navegador.<\/li>\n<li>Haz clic en Mostrar configuraci\u00f3n avanzada.<\/li>\n<li>Haz clic en Eliminar datos de navegaci\u00f3n.<\/li>\n<li>Selecciona el per\u00edodo de tiempo para el que deseas eliminar la informaci\u00f3n en el men\u00fa en la parte superior. Si deseas eliminar todas las cookies en el navegador, haz clic en Desde el origen de los tiempos.<\/li>\n<li>Marca Cookies y otros datos de sitios y complementos.<\/li>\n<li>Haz clic en Borrar datos de navegaci\u00f3n.<\/li>\n<li>Cierra la ventana.<\/li>\n<\/ol>\n<\/li>\n<li>C\u00f3mo evitar que las cookies se almacenen en el navegador web:\n<ol>\n<li>Ve a Configuraci\u00f3n en el men\u00fa de tu navegador.<\/li>\n<li>Haz clic en Mostrar configuraci\u00f3n avanzada y despu\u00e9s haz clic en Configuraci\u00f3n de contenido.<\/li>\n<li>En Cookies, selecciona tu opci\u00f3n preferida. Si desea evitar que todas las cookies se almacenen, haga clic en No permitir que se guarden datos de los sitios.<\/li>\n<li>Haz clic en Hecho.<\/li>\n<li>Cierra la ventana.<\/li>\n<\/ol>\n<\/li>\n<\/ul>\n<h4><strong>Gesti\u00f3n de cookies en Safari<\/strong><\/h4>\n<ul>\n<li>C\u00f3mo eliminar cookies:\n<ol>\n<li>Ir a Preferencias en el men\u00fa de su navegador.<\/li>\n<li>Haz clic en la pesta\u00f1a Privacidad.<\/li>\n<li>Haz clic en Eliminar todos los datos de los sitios web y despu\u00e9s haz clic en Eliminar para eliminar todas las cookies.<\/li>\n<li>Cierra la ventana.<\/li>\n<\/ol>\n<\/li>\n<li>C\u00f3mo evitar que las cookies se almacenen en su navegador web:\n<ol>\n<li>Ir a Preferencias en el men\u00fa de tu navegador<\/li>\n<li>Haz clic en la pesta\u00f1a Privacidad.<\/li>\n<li>En Cookies y datos de sitios web selecciona tu opci\u00f3n preferida. Si deseas evitar que todas las cookies se almacenen, haz clic en Bloquear siempre.<\/li>\n<li>Cierra la ventana.<\/li>\n<\/ol>\n<\/li>\n<\/ul>\n<h4><strong>Gesti\u00f3n de cookies en Mozilla Firefox<\/strong><\/h4>\n<ul>\n<li>C\u00f3mo eliminar cookies:\n<ol>\n<li>Ir a Opciones en el men\u00fa de su navegador.<\/li>\n<li>Haz clic en la pesta\u00f1a Privacidad.<\/li>\n<li>Haz clic en Mostrar cookies.<\/li>\n<li>Selecciona las cookies que deseas eliminar y haz clic en Eliminar seleccionadas. Haz clic en Eliminar todas si deseas eliminar todas las cookies en tu navegador web.<\/li>\n<li>Cierra la ventana. Cualquier cambio que hayas hecho se guardar\u00e1 autom\u00e1ticamente.<\/li>\n<\/ol>\n<\/li>\n<li>C\u00f3mo evitar que las cookies se almacenen en tu navegador web:\n<ol>\n<li>Ir a Configuraci\u00f3n en el men\u00fa de tu navegador.<\/li>\n<li>Selecciona la pesta\u00f1a Privacidad.<\/li>\n<li>En Historial, haz clic en Usar una configuraci\u00f3n personalizada para el historial.<\/li>\n<li>Selecciona tus opciones preferidas en Permitir cookies de sitios web. Si deseas evitar que todas las cookies se almacenen, desactiva la casilla Aceptar cookies de sitios web.<\/li>\n<li>Cierra la ventana. Cualquier cambio que hayas hecho se guardar\u00e1 autom\u00e1ticamente.<\/li>\n<\/ol>\n<\/li>\n<\/ul>\n<h4><strong>Gesti\u00f3n de cookies en Internet Explorer<\/strong><\/h4>\n<ul>\n<li>C\u00f3mo eliminar cookies:\n<ol>\n<li>Ir a Herramientas (icono de rueda dentada) en el men\u00fa de tu navegador.<\/li>\n<li>Haz clic en Propiedades de Internet.<\/li>\n<li>En la pesta\u00f1a General &#8211; Historial de navegaci\u00f3n, haz clic en Eliminar.<\/li>\n<li>Asegurate de marcar la opci\u00f3n Cookies y datos de sitios web.<\/li>\n<li>Haz clic en Eliminar.<\/li>\n<li>Haz clic en OK.<\/li>\n<\/ol>\n<\/li>\n<li>C\u00f3mo evitar que las cookies se almacenen en su navegador web:\n<ol>\n<li>Ir a Herramientas (icono de rueda dentada) en el men\u00fa de tu navegador.<\/li>\n<li>Haz clic en Opciones de Internet y despu\u00e9s haz clic en la pesta\u00f1a Privacidad.<\/li>\n<li>Mueve la barra deslizante al nivel deseado. Si deseas evitar que todas las cookies se almacenen, selecciona el nivel Bloquear todas las cookies.<\/li>\n<li>Haz clic en OK.<\/li>\n<\/ol>\n<\/li>\n<\/ul>\n<h4><strong>Gesti\u00f3n de cookies en Opera<\/strong><\/h4>\n<ul>\n<li>C\u00f3mo eliminar cookies:\n<ol>\n<li>Ir a Configuraci\u00f3n en el men\u00fa de tu navegador.<\/li>\n<li>Selecciona la pesta\u00f1a de Privacidad y Seguridad.<\/li>\n<li>Haz clic en Cookies y despu\u00e9s haz clic en Todas las cookies y datos de sitios web.<\/li>\n<li>Selecciona las cookies que deseas eliminar y haz clic en Eliminar. Haz clic en Eliminar todas si deseas eliminar todas las cookies en tu navegador web.<\/li>\n<li>Haz clic en Hecho.<\/li>\n<li>Cierra la ventana.<\/li>\n<\/ol>\n<\/li>\n<li>C\u00f3mo evitar que las cookies se almacenen en su navegador web:\n<ol>\n<li>Ir a Configuraci\u00f3n en el men\u00fa de tu navegador.<\/li>\n<li>Selecciona la pesta\u00f1a de Privacidad y Seguridad. En Cookies, selecciona tu opci\u00f3n preferida. Si deseas evitar que todas las cookies se almacenen, haz clic en No permitir que se guarden datos de los sitios.<\/li>\n<li>Cierra la ventana.<\/li>\n<\/ol>\n<\/li>\n<\/ul>\n<h4><strong>Informaci\u00f3n de contacto<\/strong><\/h4>\n<p>Para mayor transparencia, si tiene alguna pregunta relativa al uso del almacenamiento local de nuestro sitio web, p\u00f3ngase en contacto con nosotros en\u00a0ventas@gonclovil.com, indicando en el asunto &#8220;Pol\u00edtica de cookies\u201d[\/vc_column_text][\/vc_column][\/vc_row]<\/p>\n","protected":false},"excerpt":{"rendered":"<p>[vc_row wrap_container=&#8221;yes&#8221; css=&#8221;.vc_custom_1543831225971{padding-top: 50px !important;}&#8221;][vc_column][vc_column_text]La confian\u00e7a del usuari \u00e9s important per a nosaltres, i per tant, a GONCLOVIL ens preocupa protegir la vostra privacitat. Un aspecte important d&#8217;aix\u00f2 \u00e9s proporcionar-li tota la informaci\u00f3 possible sobre com utilitzem les seves dades de car\u00e0cter personal, fins i tot com s&#8217;utilitza el local d&#8217;emmagatzematge de dades i tecnologia [&hellip;]<\/p>\n","protected":false},"author":1,"featured_media":0,"parent":0,"menu_order":0,"comment_status":"closed","ping_status":"closed","template":"","meta":{"om_disable_all_campaigns":false,"_mi_skip_tracking":false,"_monsterinsights_sitenote_active":false,"_monsterinsights_sitenote_note":"","_monsterinsights_sitenote_category":0},"aioseo_notices":[],"_links":{"self":[{"href":"https:\/\/gonclovil.com\/ca\/wp-json\/wp\/v2\/pages\/67"}],"collection":[{"href":"https:\/\/gonclovil.com\/ca\/wp-json\/wp\/v2\/pages"}],"about":[{"href":"https:\/\/gonclovil.com\/ca\/wp-json\/wp\/v2\/types\/page"}],"author":[{"embeddable":true,"href":"https:\/\/gonclovil.com\/ca\/wp-json\/wp\/v2\/users\/1"}],"replies":[{"embeddable":true,"href":"https:\/\/gonclovil.com\/ca\/wp-json\/wp\/v2\/comments?post=67"}],"version-history":[{"count":4,"href":"https:\/\/gonclovil.com\/ca\/wp-json\/wp\/v2\/pages\/67\/revisions"}],"predecessor-version":[{"id":2613,"href":"https:\/\/gonclovil.com\/ca\/wp-json\/wp\/v2\/pages\/67\/revisions\/2613"}],"wp:attachment":[{"href":"https:\/\/gonclovil.com\/ca\/wp-json\/wp\/v2\/media?parent=67"}],"curies":[{"name":"wp","href":"https:\/\/api.w.org\/{rel}","templated":true}]}}