{"id":24234,"date":"2026-04-10T01:04:16","date_gmt":"2026-04-10T01:04:16","guid":{"rendered":"https:\/\/gonclovil.com\/product\/teixit-mesh-3d-poliester-100-160cm-marro\/"},"modified":"2026-04-10T01:04:16","modified_gmt":"2026-04-10T01:04:16","slug":"teixit-mesh-3d-poliester-100-160cm-marro","status":"publish","type":"product","link":"https:\/\/gonclovil.com\/ca\/producte\/teixit-mesh-3d-poliester-100-160cm-marro\/","title":{"rendered":"Teixit Mesh 3D Poli\u00e8ster 100% 160cm Marr\u00f3"},"content":{"rendered":"","protected":false},"excerpt":{"rendered":"<p>Teixit Mesh 3D Poli\u00e8ster 100% 160cm Marr\u00f3<\/p>\n","protected":false},"featured_media":32714,"comment_status":"closed","ping_status":"open","template":"","meta":{"om_disable_all_campaigns":false,"_mi_skip_tracking":false,"_monsterinsights_sitenote_active":false,"_monsterinsights_sitenote_note":"","_monsterinsights_sitenote_category":0},"product_cat":[2100,1983],"product_tag":[],"aioseo_notices":[],"_links":{"self":[{"href":"https:\/\/gonclovil.com\/ca\/wp-json\/wp\/v2\/product\/24234"}],"collection":[{"href":"https:\/\/gonclovil.com\/ca\/wp-json\/wp\/v2\/product"}],"about":[{"href":"https:\/\/gonclovil.com\/ca\/wp-json\/wp\/v2\/types\/product"}],"replies":[{"embeddable":true,"href":"https:\/\/gonclovil.com\/ca\/wp-json\/wp\/v2\/comments?post=24234"}],"wp:featuredmedia":[{"embeddable":true,"href":"https:\/\/gonclovil.com\/ca\/wp-json\/wp\/v2\/media\/32714"}],"wp:attachment":[{"href":"https:\/\/gonclovil.com\/ca\/wp-json\/wp\/v2\/media?parent=24234"}],"wp:term":[{"taxonomy":"product_cat","embeddable":true,"href":"https:\/\/gonclovil.com\/ca\/wp-json\/wp\/v2\/product_cat?post=24234"},{"taxonomy":"product_tag","embeddable":true,"href":"https:\/\/gonclovil.com\/ca\/wp-json\/wp\/v2\/product_tag?post=24234"}],"curies":[{"name":"wp","href":"https:\/\/api.w.org\/{rel}","templated":true}]}}