{"id":25097,"date":"2026-04-09T01:23:50","date_gmt":"2026-04-09T01:23:50","guid":{"rendered":"https:\/\/gonclovil.com\/product\/llencol-frida-coto-100-290cm-negre\/"},"modified":"2026-04-09T01:23:51","modified_gmt":"2026-04-09T01:23:51","slug":"llencol-frida-coto-100-290cm-negre","status":"publish","type":"product","link":"https:\/\/gonclovil.com\/ca\/producte\/llencol-frida-coto-100-290cm-negre\/","title":{"rendered":"Llen\u00e7ol Frida Cot\u00f3 100% 290cm Negre"},"content":{"rendered":"","protected":false},"excerpt":{"rendered":"<p>Llen\u00e7ol Frida Cot\u00f3 100% 290cm Negre<\/p>\n","protected":false},"featured_media":35018,"comment_status":"closed","ping_status":"open","template":"","meta":{"om_disable_all_campaigns":false,"_mi_skip_tracking":false,"_monsterinsights_sitenote_active":false,"_monsterinsights_sitenote_note":"","_monsterinsights_sitenote_category":0},"product_cat":[1818,2083],"product_tag":[],"aioseo_notices":[],"_links":{"self":[{"href":"https:\/\/gonclovil.com\/ca\/wp-json\/wp\/v2\/product\/25097"}],"collection":[{"href":"https:\/\/gonclovil.com\/ca\/wp-json\/wp\/v2\/product"}],"about":[{"href":"https:\/\/gonclovil.com\/ca\/wp-json\/wp\/v2\/types\/product"}],"replies":[{"embeddable":true,"href":"https:\/\/gonclovil.com\/ca\/wp-json\/wp\/v2\/comments?post=25097"}],"wp:featuredmedia":[{"embeddable":true,"href":"https:\/\/gonclovil.com\/ca\/wp-json\/wp\/v2\/media\/35018"}],"wp:attachment":[{"href":"https:\/\/gonclovil.com\/ca\/wp-json\/wp\/v2\/media?parent=25097"}],"wp:term":[{"taxonomy":"product_cat","embeddable":true,"href":"https:\/\/gonclovil.com\/ca\/wp-json\/wp\/v2\/product_cat?post=25097"},{"taxonomy":"product_tag","embeddable":true,"href":"https:\/\/gonclovil.com\/ca\/wp-json\/wp\/v2\/product_tag?post=25097"}],"curies":[{"name":"wp","href":"https:\/\/api.w.org\/{rel}","templated":true}]}}