{"id":26044,"date":"2026-04-16T01:37:09","date_gmt":"2026-04-16T01:37:09","guid":{"rendered":"https:\/\/gonclovil.com\/product\/pique-mundial-coto-100-150cm-llagrima-multicolor8\/"},"modified":"2026-04-16T01:37:09","modified_gmt":"2026-04-16T01:37:09","slug":"pique-mundial-coto-100-150cm-llagrima-multicolor8","status":"publish","type":"product","link":"https:\/\/gonclovil.com\/ca\/producte\/pique-mundial-coto-100-150cm-llagrima-multicolor8\/","title":{"rendered":"Pique Mundial Cot\u00f3 100% 150cm Ll\u00e0grima Multicolor8"},"content":{"rendered":"","protected":false},"excerpt":{"rendered":"<p>Pique Mundial Cot\u00f3 100% 150cm Ll\u00e0grima Multicolor8<\/p>\n","protected":false},"featured_media":23117,"comment_status":"closed","ping_status":"open","template":"","meta":{"om_disable_all_campaigns":false,"_mi_skip_tracking":false,"_monsterinsights_sitenote_active":false,"_monsterinsights_sitenote_note":"","_monsterinsights_sitenote_category":0},"product_cat":[2094,1869],"product_tag":[],"aioseo_notices":[],"_links":{"self":[{"href":"https:\/\/gonclovil.com\/ca\/wp-json\/wp\/v2\/product\/26044"}],"collection":[{"href":"https:\/\/gonclovil.com\/ca\/wp-json\/wp\/v2\/product"}],"about":[{"href":"https:\/\/gonclovil.com\/ca\/wp-json\/wp\/v2\/types\/product"}],"replies":[{"embeddable":true,"href":"https:\/\/gonclovil.com\/ca\/wp-json\/wp\/v2\/comments?post=26044"}],"wp:featuredmedia":[{"embeddable":true,"href":"https:\/\/gonclovil.com\/ca\/wp-json\/wp\/v2\/media\/23117"}],"wp:attachment":[{"href":"https:\/\/gonclovil.com\/ca\/wp-json\/wp\/v2\/media?parent=26044"}],"wp:term":[{"taxonomy":"product_cat","embeddable":true,"href":"https:\/\/gonclovil.com\/ca\/wp-json\/wp\/v2\/product_cat?post=26044"},{"taxonomy":"product_tag","embeddable":true,"href":"https:\/\/gonclovil.com\/ca\/wp-json\/wp\/v2\/product_tag?post=26044"}],"curies":[{"name":"wp","href":"https:\/\/api.w.org\/{rel}","templated":true}]}}