{"id":26405,"date":"2026-04-12T01:37:39","date_gmt":"2026-04-12T01:37:39","guid":{"rendered":"https:\/\/gonclovil.com\/product\/ris-coto-100-160cm-marro-m\/"},"modified":"2026-04-12T01:37:39","modified_gmt":"2026-04-12T01:37:39","slug":"ris-coto-100-160cm-marro-m","status":"publish","type":"product","link":"https:\/\/gonclovil.com\/ca\/producte\/ris-coto-100-160cm-marro-m\/","title":{"rendered":"Ris Cot\u00f3 100% 160cm Marr\u00f3 (m)"},"content":{"rendered":"","protected":false},"excerpt":{"rendered":"<p>Ris Cot\u00f3 100% 160cm Marr\u00f3 (m)<\/p>\n","protected":false},"featured_media":23785,"comment_status":"closed","ping_status":"open","template":"","meta":{"om_disable_all_campaigns":false,"_mi_skip_tracking":false,"_monsterinsights_sitenote_active":false,"_monsterinsights_sitenote_note":"","_monsterinsights_sitenote_category":0},"product_cat":[1818,1848],"product_tag":[],"aioseo_notices":[],"_links":{"self":[{"href":"https:\/\/gonclovil.com\/ca\/wp-json\/wp\/v2\/product\/26405"}],"collection":[{"href":"https:\/\/gonclovil.com\/ca\/wp-json\/wp\/v2\/product"}],"about":[{"href":"https:\/\/gonclovil.com\/ca\/wp-json\/wp\/v2\/types\/product"}],"replies":[{"embeddable":true,"href":"https:\/\/gonclovil.com\/ca\/wp-json\/wp\/v2\/comments?post=26405"}],"wp:featuredmedia":[{"embeddable":true,"href":"https:\/\/gonclovil.com\/ca\/wp-json\/wp\/v2\/media\/23785"}],"wp:attachment":[{"href":"https:\/\/gonclovil.com\/ca\/wp-json\/wp\/v2\/media?parent=26405"}],"wp:term":[{"taxonomy":"product_cat","embeddable":true,"href":"https:\/\/gonclovil.com\/ca\/wp-json\/wp\/v2\/product_cat?post=26405"},{"taxonomy":"product_tag","embeddable":true,"href":"https:\/\/gonclovil.com\/ca\/wp-json\/wp\/v2\/product_tag?post=26405"}],"curies":[{"name":"wp","href":"https:\/\/api.w.org\/{rel}","templated":true}]}}