{"id":26670,"date":"2026-04-21T02:02:02","date_gmt":"2026-04-21T02:02:02","guid":{"rendered":"https:\/\/gonclovil.com\/product\/tovalles-turia-poliester-100-160cm-sushi-4\/"},"modified":"2026-04-21T02:02:03","modified_gmt":"2026-04-21T02:02:03","slug":"tovalles-turia-poliester-100-160cm-sushi-4","status":"publish","type":"product","link":"https:\/\/gonclovil.com\/ca\/producte\/tovalles-turia-poliester-100-160cm-sushi-4\/","title":{"rendered":"Tovalles T\u00faria Poli\u00e8ster 100% 160cm Sushi 4"},"content":{"rendered":"","protected":false},"excerpt":{"rendered":"<p>Tovalles T\u00faria Poli\u00e8ster 100% 160cm Sushi 4<\/p>\n","protected":false},"featured_media":24021,"comment_status":"closed","ping_status":"open","template":"","meta":{"om_disable_all_campaigns":false,"_mi_skip_tracking":false,"_monsterinsights_sitenote_active":false,"_monsterinsights_sitenote_note":"","_monsterinsights_sitenote_category":0},"product_cat":[2097,1968],"product_tag":[],"aioseo_notices":[],"_links":{"self":[{"href":"https:\/\/gonclovil.com\/ca\/wp-json\/wp\/v2\/product\/26670"}],"collection":[{"href":"https:\/\/gonclovil.com\/ca\/wp-json\/wp\/v2\/product"}],"about":[{"href":"https:\/\/gonclovil.com\/ca\/wp-json\/wp\/v2\/types\/product"}],"replies":[{"embeddable":true,"href":"https:\/\/gonclovil.com\/ca\/wp-json\/wp\/v2\/comments?post=26670"}],"wp:featuredmedia":[{"embeddable":true,"href":"https:\/\/gonclovil.com\/ca\/wp-json\/wp\/v2\/media\/24021"}],"wp:attachment":[{"href":"https:\/\/gonclovil.com\/ca\/wp-json\/wp\/v2\/media?parent=26670"}],"wp:term":[{"taxonomy":"product_cat","embeddable":true,"href":"https:\/\/gonclovil.com\/ca\/wp-json\/wp\/v2\/product_cat?post=26670"},{"taxonomy":"product_tag","embeddable":true,"href":"https:\/\/gonclovil.com\/ca\/wp-json\/wp\/v2\/product_tag?post=26670"}],"curies":[{"name":"wp","href":"https:\/\/api.w.org\/{rel}","templated":true}]}}