{"id":26686,"date":"2026-05-08T01:55:43","date_gmt":"2026-05-08T01:55:43","guid":{"rendered":"https:\/\/gonclovil.com\/product\/tovalles-turia-poliester-100-160cm-pois-20\/"},"modified":"2026-05-08T01:55:44","modified_gmt":"2026-05-08T01:55:44","slug":"tovalles-turia-poliester-100-160cm-pois-20","status":"publish","type":"product","link":"https:\/\/gonclovil.com\/ca\/producte\/tovalles-turia-poliester-100-160cm-pois-20\/","title":{"rendered":"Tovalles T\u00faria Poli\u00e8ster 100% 160cm Pois 20"},"content":{"rendered":"","protected":false},"excerpt":{"rendered":"<p>Tovalles T\u00faria Poli\u00e8ster 100% 160cm Pois 20<\/p>\n","protected":false},"featured_media":24081,"comment_status":"closed","ping_status":"open","template":"","meta":{"om_disable_all_campaigns":false,"_mi_skip_tracking":false,"_monsterinsights_sitenote_active":false,"_monsterinsights_sitenote_note":"","_monsterinsights_sitenote_category":0},"product_cat":[2097,1968],"product_tag":[],"aioseo_notices":[],"_links":{"self":[{"href":"https:\/\/gonclovil.com\/ca\/wp-json\/wp\/v2\/product\/26686"}],"collection":[{"href":"https:\/\/gonclovil.com\/ca\/wp-json\/wp\/v2\/product"}],"about":[{"href":"https:\/\/gonclovil.com\/ca\/wp-json\/wp\/v2\/types\/product"}],"replies":[{"embeddable":true,"href":"https:\/\/gonclovil.com\/ca\/wp-json\/wp\/v2\/comments?post=26686"}],"wp:featuredmedia":[{"embeddable":true,"href":"https:\/\/gonclovil.com\/ca\/wp-json\/wp\/v2\/media\/24081"}],"wp:attachment":[{"href":"https:\/\/gonclovil.com\/ca\/wp-json\/wp\/v2\/media?parent=26686"}],"wp:term":[{"taxonomy":"product_cat","embeddable":true,"href":"https:\/\/gonclovil.com\/ca\/wp-json\/wp\/v2\/product_cat?post=26686"},{"taxonomy":"product_tag","embeddable":true,"href":"https:\/\/gonclovil.com\/ca\/wp-json\/wp\/v2\/product_tag?post=26686"}],"curies":[{"name":"wp","href":"https:\/\/api.w.org\/{rel}","templated":true}]}}