{"id":26690,"date":"2026-04-11T01:50:04","date_gmt":"2026-04-11T01:50:04","guid":{"rendered":"https:\/\/gonclovil.com\/product\/tovalles-turia-poliester-100-160cm-sindries-24\/"},"modified":"2026-04-11T01:50:05","modified_gmt":"2026-04-11T01:50:05","slug":"tovalles-turia-poliester-100-160cm-sindries-24","status":"publish","type":"product","link":"https:\/\/gonclovil.com\/ca\/producte\/tovalles-turia-poliester-100-160cm-sindries-24\/","title":{"rendered":"Tovalles T\u00faria Poli\u00e8ster 100% 160cm S\u00edndries 24"},"content":{"rendered":"","protected":false},"excerpt":{"rendered":"<p>Tovalles T\u00faria Poli\u00e8ster 100% 160cm S\u00edndries 24<\/p>\n","protected":false},"featured_media":24097,"comment_status":"closed","ping_status":"open","template":"","meta":{"om_disable_all_campaigns":false,"_mi_skip_tracking":false,"_monsterinsights_sitenote_active":false,"_monsterinsights_sitenote_note":"","_monsterinsights_sitenote_category":0},"product_cat":[2097,1968],"product_tag":[],"aioseo_notices":[],"_links":{"self":[{"href":"https:\/\/gonclovil.com\/ca\/wp-json\/wp\/v2\/product\/26690"}],"collection":[{"href":"https:\/\/gonclovil.com\/ca\/wp-json\/wp\/v2\/product"}],"about":[{"href":"https:\/\/gonclovil.com\/ca\/wp-json\/wp\/v2\/types\/product"}],"replies":[{"embeddable":true,"href":"https:\/\/gonclovil.com\/ca\/wp-json\/wp\/v2\/comments?post=26690"}],"wp:featuredmedia":[{"embeddable":true,"href":"https:\/\/gonclovil.com\/ca\/wp-json\/wp\/v2\/media\/24097"}],"wp:attachment":[{"href":"https:\/\/gonclovil.com\/ca\/wp-json\/wp\/v2\/media?parent=26690"}],"wp:term":[{"taxonomy":"product_cat","embeddable":true,"href":"https:\/\/gonclovil.com\/ca\/wp-json\/wp\/v2\/product_cat?post=26690"},{"taxonomy":"product_tag","embeddable":true,"href":"https:\/\/gonclovil.com\/ca\/wp-json\/wp\/v2\/product_tag?post=26690"}],"curies":[{"name":"wp","href":"https:\/\/api.w.org\/{rel}","templated":true}]}}