{"id":34394,"date":"2026-04-22T01:13:48","date_gmt":"2026-04-22T01:13:48","guid":{"rendered":"https:\/\/gonclovil.com\/product\/sarja-canigo-coto-100-esmerilat-2786\/"},"modified":"2026-04-22T01:13:49","modified_gmt":"2026-04-22T01:13:49","slug":"sarja-canigo-coto-100-esmerilat-2786","status":"publish","type":"product","link":"https:\/\/gonclovil.com\/ca\/producte\/sarja-canigo-coto-100-esmerilat-2786\/","title":{"rendered":"Sarja Canig\u00f3 Cot\u00f3 100% Esmerilat 2786"},"content":{"rendered":"","protected":false},"excerpt":{"rendered":"<p>Sarja Canig\u00f3 Cot\u00f3 100% Esmerilat 2786<\/p>\n","protected":false},"featured_media":34966,"comment_status":"closed","ping_status":"open","template":"","meta":{"om_disable_all_campaigns":false,"_mi_skip_tracking":false,"_monsterinsights_sitenote_active":false,"_monsterinsights_sitenote_note":"","_monsterinsights_sitenote_category":0},"product_cat":[2097,3374],"product_tag":[],"aioseo_notices":[],"_links":{"self":[{"href":"https:\/\/gonclovil.com\/ca\/wp-json\/wp\/v2\/product\/34394"}],"collection":[{"href":"https:\/\/gonclovil.com\/ca\/wp-json\/wp\/v2\/product"}],"about":[{"href":"https:\/\/gonclovil.com\/ca\/wp-json\/wp\/v2\/types\/product"}],"replies":[{"embeddable":true,"href":"https:\/\/gonclovil.com\/ca\/wp-json\/wp\/v2\/comments?post=34394"}],"wp:featuredmedia":[{"embeddable":true,"href":"https:\/\/gonclovil.com\/ca\/wp-json\/wp\/v2\/media\/34966"}],"wp:attachment":[{"href":"https:\/\/gonclovil.com\/ca\/wp-json\/wp\/v2\/media?parent=34394"}],"wp:term":[{"taxonomy":"product_cat","embeddable":true,"href":"https:\/\/gonclovil.com\/ca\/wp-json\/wp\/v2\/product_cat?post=34394"},{"taxonomy":"product_tag","embeddable":true,"href":"https:\/\/gonclovil.com\/ca\/wp-json\/wp\/v2\/product_tag?post=34394"}],"curies":[{"name":"wp","href":"https:\/\/api.w.org\/{rel}","templated":true}]}}