{"id":34552,"date":"2026-04-15T01:26:34","date_gmt":"2026-04-15T01:26:34","guid":{"rendered":"https:\/\/gonclovil.com\/product\/viyella-llavorsi-coto-100-160cm-sand-opal\/"},"modified":"2026-04-15T01:26:35","modified_gmt":"2026-04-15T01:26:35","slug":"viyella-llavorsi-coto-100-160cm-sand-opal","status":"publish","type":"product","link":"https:\/\/gonclovil.com\/ca\/producte\/viyella-llavorsi-coto-100-160cm-sand-opal\/","title":{"rendered":"Viyella Llavors\u00ed Cot\u00f3 100% 160cm Sand Opal"},"content":{"rendered":"","protected":false},"excerpt":{"rendered":"<p>Viyella Llavors\u00ed Cot\u00f3 100% 160cm Sand Opal<\/p>\n","protected":false},"featured_media":35178,"comment_status":"closed","ping_status":"open","template":"","meta":{"om_disable_all_campaigns":false,"_mi_skip_tracking":false,"_monsterinsights_sitenote_active":false,"_monsterinsights_sitenote_note":"","_monsterinsights_sitenote_category":0},"product_cat":[2094,3394],"product_tag":[],"aioseo_notices":[],"_links":{"self":[{"href":"https:\/\/gonclovil.com\/ca\/wp-json\/wp\/v2\/product\/34552"}],"collection":[{"href":"https:\/\/gonclovil.com\/ca\/wp-json\/wp\/v2\/product"}],"about":[{"href":"https:\/\/gonclovil.com\/ca\/wp-json\/wp\/v2\/types\/product"}],"replies":[{"embeddable":true,"href":"https:\/\/gonclovil.com\/ca\/wp-json\/wp\/v2\/comments?post=34552"}],"wp:featuredmedia":[{"embeddable":true,"href":"https:\/\/gonclovil.com\/ca\/wp-json\/wp\/v2\/media\/35178"}],"wp:attachment":[{"href":"https:\/\/gonclovil.com\/ca\/wp-json\/wp\/v2\/media?parent=34552"}],"wp:term":[{"taxonomy":"product_cat","embeddable":true,"href":"https:\/\/gonclovil.com\/ca\/wp-json\/wp\/v2\/product_cat?post=34552"},{"taxonomy":"product_tag","embeddable":true,"href":"https:\/\/gonclovil.com\/ca\/wp-json\/wp\/v2\/product_tag?post=34552"}],"curies":[{"name":"wp","href":"https:\/\/api.w.org\/{rel}","templated":true}]}}