{"id":42390,"date":"2026-05-14T04:03:10","date_gmt":"2026-05-14T04:03:10","guid":{"rendered":"https:\/\/gonclovil.com\/product\/softshell-poliester-100-145cm-anec\/"},"modified":"2026-05-14T04:03:11","modified_gmt":"2026-05-14T04:03:11","slug":"softshell-poliester-100-145cm-anec","status":"publish","type":"product","link":"https:\/\/gonclovil.com\/ca\/producte\/softshell-poliester-100-145cm-anec\/","title":{"rendered":"Softshell Poli\u00e8ster 100% 145cm \u00c0nec"},"content":{"rendered":"","protected":false},"excerpt":{"rendered":"<p>Softshell Poli\u00e8ster 100% 145cm \u00c0nec<\/p>\n","protected":false},"featured_media":42811,"comment_status":"closed","ping_status":"open","template":"","meta":{"om_disable_all_campaigns":false,"_mi_skip_tracking":false,"_monsterinsights_sitenote_active":false,"_monsterinsights_sitenote_note":"","_monsterinsights_sitenote_category":0},"product_cat":[2094,1917],"product_tag":[],"aioseo_notices":[],"_links":{"self":[{"href":"https:\/\/gonclovil.com\/ca\/wp-json\/wp\/v2\/product\/42390"}],"collection":[{"href":"https:\/\/gonclovil.com\/ca\/wp-json\/wp\/v2\/product"}],"about":[{"href":"https:\/\/gonclovil.com\/ca\/wp-json\/wp\/v2\/types\/product"}],"replies":[{"embeddable":true,"href":"https:\/\/gonclovil.com\/ca\/wp-json\/wp\/v2\/comments?post=42390"}],"wp:featuredmedia":[{"embeddable":true,"href":"https:\/\/gonclovil.com\/ca\/wp-json\/wp\/v2\/media\/42811"}],"wp:attachment":[{"href":"https:\/\/gonclovil.com\/ca\/wp-json\/wp\/v2\/media?parent=42390"}],"wp:term":[{"taxonomy":"product_cat","embeddable":true,"href":"https:\/\/gonclovil.com\/ca\/wp-json\/wp\/v2\/product_cat?post=42390"},{"taxonomy":"product_tag","embeddable":true,"href":"https:\/\/gonclovil.com\/ca\/wp-json\/wp\/v2\/product_tag?post=42390"}],"curies":[{"name":"wp","href":"https:\/\/api.w.org\/{rel}","templated":true}]}}