{"id":47809,"date":"2026-04-10T01:51:02","date_gmt":"2026-04-10T01:51:02","guid":{"rendered":"https:\/\/gonclovil.com\/product\/pique-waffle-coto-100-150cm-anec\/"},"modified":"2026-04-10T01:51:02","modified_gmt":"2026-04-10T01:51:02","slug":"pique-waffle-coto-100-147cm-anec","status":"publish","type":"product","link":"https:\/\/gonclovil.com\/ca\/producte\/pique-waffle-coto-100-147cm-anec\/","title":{"rendered":"Piqu\u00e9 Waffle Cot\u00f3 100% 147cm \u00c0nec"},"content":{"rendered":"","protected":false},"excerpt":{"rendered":"<p>Piqu\u00e9 Waffle Cot\u00f3 100% 147cm \u00c0nec<\/p>\n","protected":false},"featured_media":47988,"comment_status":"closed","ping_status":"open","template":"","meta":{"om_disable_all_campaigns":false,"_mi_skip_tracking":false,"_monsterinsights_sitenote_active":false,"_monsterinsights_sitenote_note":"","_monsterinsights_sitenote_category":0},"product_cat":[3611,2094],"product_tag":[],"aioseo_notices":[],"_links":{"self":[{"href":"https:\/\/gonclovil.com\/ca\/wp-json\/wp\/v2\/product\/47809"}],"collection":[{"href":"https:\/\/gonclovil.com\/ca\/wp-json\/wp\/v2\/product"}],"about":[{"href":"https:\/\/gonclovil.com\/ca\/wp-json\/wp\/v2\/types\/product"}],"replies":[{"embeddable":true,"href":"https:\/\/gonclovil.com\/ca\/wp-json\/wp\/v2\/comments?post=47809"}],"wp:featuredmedia":[{"embeddable":true,"href":"https:\/\/gonclovil.com\/ca\/wp-json\/wp\/v2\/media\/47988"}],"wp:attachment":[{"href":"https:\/\/gonclovil.com\/ca\/wp-json\/wp\/v2\/media?parent=47809"}],"wp:term":[{"taxonomy":"product_cat","embeddable":true,"href":"https:\/\/gonclovil.com\/ca\/wp-json\/wp\/v2\/product_cat?post=47809"},{"taxonomy":"product_tag","embeddable":true,"href":"https:\/\/gonclovil.com\/ca\/wp-json\/wp\/v2\/product_tag?post=47809"}],"curies":[{"name":"wp","href":"https:\/\/api.w.org\/{rel}","templated":true}]}}