{"id":51762,"date":"2026-04-11T01:28:06","date_gmt":"2026-04-11T01:28:06","guid":{"rendered":"https:\/\/gonclovil.com\/product\/foxy-coto-100-150cm-fucsia\/"},"modified":"2026-04-11T01:28:06","modified_gmt":"2026-04-11T01:28:06","slug":"foxy-coto-100-150cm-fucsia","status":"publish","type":"product","link":"https:\/\/gonclovil.com\/ca\/producte\/foxy-coto-100-150cm-fucsia\/","title":{"rendered":"Foxy Cot\u00f3 100% 150cm F\u00facsia"},"content":{"rendered":"","protected":false},"excerpt":{"rendered":"<p>Foxy Cot\u00f3 100% 150cm F\u00facsia<\/p>\n","protected":false},"featured_media":53164,"comment_status":"closed","ping_status":"open","template":"","meta":{"om_disable_all_campaigns":false,"_mi_skip_tracking":false,"_monsterinsights_sitenote_active":false,"_monsterinsights_sitenote_note":"","_monsterinsights_sitenote_category":0},"product_cat":[3606,2100],"product_tag":[],"aioseo_notices":[],"_links":{"self":[{"href":"https:\/\/gonclovil.com\/ca\/wp-json\/wp\/v2\/product\/51762"}],"collection":[{"href":"https:\/\/gonclovil.com\/ca\/wp-json\/wp\/v2\/product"}],"about":[{"href":"https:\/\/gonclovil.com\/ca\/wp-json\/wp\/v2\/types\/product"}],"replies":[{"embeddable":true,"href":"https:\/\/gonclovil.com\/ca\/wp-json\/wp\/v2\/comments?post=51762"}],"wp:featuredmedia":[{"embeddable":true,"href":"https:\/\/gonclovil.com\/ca\/wp-json\/wp\/v2\/media\/53164"}],"wp:attachment":[{"href":"https:\/\/gonclovil.com\/ca\/wp-json\/wp\/v2\/media?parent=51762"}],"wp:term":[{"taxonomy":"product_cat","embeddable":true,"href":"https:\/\/gonclovil.com\/ca\/wp-json\/wp\/v2\/product_cat?post=51762"},{"taxonomy":"product_tag","embeddable":true,"href":"https:\/\/gonclovil.com\/ca\/wp-json\/wp\/v2\/product_tag?post=51762"}],"curies":[{"name":"wp","href":"https:\/\/api.w.org\/{rel}","templated":true}]}}