{"id":54600,"date":"2026-05-14T01:41:49","date_gmt":"2026-05-14T01:41:49","guid":{"rendered":"https:\/\/gonclovil.com\/product\/cordo-12-coto-poliester-80-20-4mm-anec\/"},"modified":"2026-05-14T01:41:50","modified_gmt":"2026-05-14T01:41:50","slug":"cordo-12-coto-poliester-80-20-4mm-anec","status":"publish","type":"product","link":"https:\/\/gonclovil.com\/ca\/producte\/cordo-12-coto-poliester-80-20-4mm-anec\/","title":{"rendered":"Cord\u00f3 12 Cot\u00f3\/Poli\u00e8ster 80\/20% 4mm \u00c0nec"},"content":{"rendered":"","protected":false},"excerpt":{"rendered":"<p>Cord\u00f3 12 Cot\u00f3\/Poli\u00e8ster 80\/20% 4mm \u00c0nec<\/p>\n","protected":false},"featured_media":55390,"comment_status":"closed","ping_status":"open","template":"","meta":{"om_disable_all_campaigns":false,"_mi_skip_tracking":false,"_monsterinsights_sitenote_active":false,"_monsterinsights_sitenote_note":"","_monsterinsights_sitenote_category":0},"product_cat":[3643,2100],"product_tag":[],"aioseo_notices":[],"_links":{"self":[{"href":"https:\/\/gonclovil.com\/ca\/wp-json\/wp\/v2\/product\/54600"}],"collection":[{"href":"https:\/\/gonclovil.com\/ca\/wp-json\/wp\/v2\/product"}],"about":[{"href":"https:\/\/gonclovil.com\/ca\/wp-json\/wp\/v2\/types\/product"}],"replies":[{"embeddable":true,"href":"https:\/\/gonclovil.com\/ca\/wp-json\/wp\/v2\/comments?post=54600"}],"wp:featuredmedia":[{"embeddable":true,"href":"https:\/\/gonclovil.com\/ca\/wp-json\/wp\/v2\/media\/55390"}],"wp:attachment":[{"href":"https:\/\/gonclovil.com\/ca\/wp-json\/wp\/v2\/media?parent=54600"}],"wp:term":[{"taxonomy":"product_cat","embeddable":true,"href":"https:\/\/gonclovil.com\/ca\/wp-json\/wp\/v2\/product_cat?post=54600"},{"taxonomy":"product_tag","embeddable":true,"href":"https:\/\/gonclovil.com\/ca\/wp-json\/wp\/v2\/product_tag?post=54600"}],"curies":[{"name":"wp","href":"https:\/\/api.w.org\/{rel}","templated":true}]}}