{"id":54616,"date":"2026-05-09T01:09:00","date_gmt":"2026-05-09T01:09:00","guid":{"rendered":"https:\/\/gonclovil.com\/product\/cordo-12-poliester-100-4mm-groc-fluor\/"},"modified":"2026-05-09T01:09:00","modified_gmt":"2026-05-09T01:09:00","slug":"cordo-12-poliester-100-4mm-groc-fluor","status":"publish","type":"product","link":"https:\/\/gonclovil.com\/ca\/producte\/cordo-12-poliester-100-4mm-groc-fluor\/","title":{"rendered":"Cord\u00f3 12 Poli\u00e8ster 100% 4mm Groc Fluor*"},"content":{"rendered":"","protected":false},"excerpt":{"rendered":"<p>Cord\u00f3 12 Poli\u00e8ster 100% 4mm Groc Fluor*<\/p>\n","protected":false},"featured_media":55454,"comment_status":"closed","ping_status":"open","template":"","meta":{"om_disable_all_campaigns":false,"_mi_skip_tracking":false,"_monsterinsights_sitenote_active":false,"_monsterinsights_sitenote_note":"","_monsterinsights_sitenote_category":0},"product_cat":[3643,2100],"product_tag":[],"aioseo_notices":[],"_links":{"self":[{"href":"https:\/\/gonclovil.com\/ca\/wp-json\/wp\/v2\/product\/54616"}],"collection":[{"href":"https:\/\/gonclovil.com\/ca\/wp-json\/wp\/v2\/product"}],"about":[{"href":"https:\/\/gonclovil.com\/ca\/wp-json\/wp\/v2\/types\/product"}],"replies":[{"embeddable":true,"href":"https:\/\/gonclovil.com\/ca\/wp-json\/wp\/v2\/comments?post=54616"}],"wp:featuredmedia":[{"embeddable":true,"href":"https:\/\/gonclovil.com\/ca\/wp-json\/wp\/v2\/media\/55454"}],"wp:attachment":[{"href":"https:\/\/gonclovil.com\/ca\/wp-json\/wp\/v2\/media?parent=54616"}],"wp:term":[{"taxonomy":"product_cat","embeddable":true,"href":"https:\/\/gonclovil.com\/ca\/wp-json\/wp\/v2\/product_cat?post=54616"},{"taxonomy":"product_tag","embeddable":true,"href":"https:\/\/gonclovil.com\/ca\/wp-json\/wp\/v2\/product_tag?post=54616"}],"curies":[{"name":"wp","href":"https:\/\/api.w.org\/{rel}","templated":true}]}}