{"id":55886,"date":"2026-04-15T01:05:00","date_gmt":"2026-04-15T01:05:00","guid":{"rendered":"https:\/\/gonclovil.com\/product\/boucle-poliester-100-150cm-mostassa\/"},"modified":"2026-04-15T01:05:00","modified_gmt":"2026-04-15T01:05:00","slug":"boucle-poliester-100-150cm-mostassa","status":"publish","type":"product","link":"https:\/\/gonclovil.com\/ca\/producte\/boucle-poliester-100-150cm-mostassa\/","title":{"rendered":"Boucl\u00e9 Poli\u00e8ster 100% 150cm Mostassa"},"content":{"rendered":"","protected":false},"excerpt":{"rendered":"<p>Boucl\u00e9 Poli\u00e8ster 100% 150cm Mostassa<\/p>\n","protected":false},"featured_media":56651,"comment_status":"closed","ping_status":"open","template":"","meta":{"om_disable_all_campaigns":false,"_mi_skip_tracking":false,"_monsterinsights_sitenote_active":false,"_monsterinsights_sitenote_note":"","_monsterinsights_sitenote_category":0},"product_cat":[3669,2094],"product_tag":[],"aioseo_notices":[],"_links":{"self":[{"href":"https:\/\/gonclovil.com\/ca\/wp-json\/wp\/v2\/product\/55886"}],"collection":[{"href":"https:\/\/gonclovil.com\/ca\/wp-json\/wp\/v2\/product"}],"about":[{"href":"https:\/\/gonclovil.com\/ca\/wp-json\/wp\/v2\/types\/product"}],"replies":[{"embeddable":true,"href":"https:\/\/gonclovil.com\/ca\/wp-json\/wp\/v2\/comments?post=55886"}],"wp:featuredmedia":[{"embeddable":true,"href":"https:\/\/gonclovil.com\/ca\/wp-json\/wp\/v2\/media\/56651"}],"wp:attachment":[{"href":"https:\/\/gonclovil.com\/ca\/wp-json\/wp\/v2\/media?parent=55886"}],"wp:term":[{"taxonomy":"product_cat","embeddable":true,"href":"https:\/\/gonclovil.com\/ca\/wp-json\/wp\/v2\/product_cat?post=55886"},{"taxonomy":"product_tag","embeddable":true,"href":"https:\/\/gonclovil.com\/ca\/wp-json\/wp\/v2\/product_tag?post=55886"}],"curies":[{"name":"wp","href":"https:\/\/api.w.org\/{rel}","templated":true}]}}