{"id":57241,"date":"2026-04-05T01:38:46","date_gmt":"2026-04-05T01:38:46","guid":{"rendered":"https:\/\/gonclovil.com\/product\/pique-universal-coto-100-150cm-blanc\/"},"modified":"2026-04-05T01:38:46","modified_gmt":"2026-04-05T01:38:46","slug":"pique-universal-coto-100-150cm-blanc","status":"publish","type":"product","link":"https:\/\/gonclovil.com\/ca\/producte\/pique-universal-coto-100-150cm-blanc\/","title":{"rendered":"Piqu\u00e9 Universal Cot\u00f3 100% 150cm Blanc"},"content":{"rendered":"","protected":false},"excerpt":{"rendered":"<p>Piqu\u00e9 Universal Cot\u00f3 100% 150cm Blanc<\/p>\n","protected":false},"featured_media":0,"comment_status":"closed","ping_status":"open","template":"","meta":{"om_disable_all_campaigns":false,"_mi_skip_tracking":false,"_monsterinsights_sitenote_active":false,"_monsterinsights_sitenote_note":"","_monsterinsights_sitenote_category":0},"product_cat":[2094,2073],"product_tag":[],"aioseo_notices":[],"_links":{"self":[{"href":"https:\/\/gonclovil.com\/ca\/wp-json\/wp\/v2\/product\/57241"}],"collection":[{"href":"https:\/\/gonclovil.com\/ca\/wp-json\/wp\/v2\/product"}],"about":[{"href":"https:\/\/gonclovil.com\/ca\/wp-json\/wp\/v2\/types\/product"}],"replies":[{"embeddable":true,"href":"https:\/\/gonclovil.com\/ca\/wp-json\/wp\/v2\/comments?post=57241"}],"wp:attachment":[{"href":"https:\/\/gonclovil.com\/ca\/wp-json\/wp\/v2\/media?parent=57241"}],"wp:term":[{"taxonomy":"product_cat","embeddable":true,"href":"https:\/\/gonclovil.com\/ca\/wp-json\/wp\/v2\/product_cat?post=57241"},{"taxonomy":"product_tag","embeddable":true,"href":"https:\/\/gonclovil.com\/ca\/wp-json\/wp\/v2\/product_tag?post=57241"}],"curies":[{"name":"wp","href":"https:\/\/api.w.org\/{rel}","templated":true}]}}