{"id":59042,"date":"2026-05-14T03:48:45","date_gmt":"2026-05-14T03:48:45","guid":{"rendered":"https:\/\/gonclovil.com\/product\/pique-universal-coto-100-150cm-beig\/"},"modified":"2026-05-14T03:48:46","modified_gmt":"2026-05-14T03:48:46","slug":"pique-universal-coto-100-150cm-beig","status":"publish","type":"product","link":"https:\/\/gonclovil.com\/ca\/producte\/pique-universal-coto-100-150cm-beig\/","title":{"rendered":"Piqu\u00e9 Universal Cot\u00f3 100% 150cm Beig"},"content":{"rendered":"","protected":false},"excerpt":{"rendered":"<p>Piqu\u00e9 Universal Cot\u00f3 100% 150cm Beig<\/p>\n","protected":false},"featured_media":0,"comment_status":"closed","ping_status":"open","template":"","meta":{"om_disable_all_campaigns":false,"_mi_skip_tracking":false,"_monsterinsights_sitenote_active":false,"_monsterinsights_sitenote_note":"","_monsterinsights_sitenote_category":0},"product_cat":[2094,2073],"product_tag":[],"aioseo_notices":[],"_links":{"self":[{"href":"https:\/\/gonclovil.com\/ca\/wp-json\/wp\/v2\/product\/59042"}],"collection":[{"href":"https:\/\/gonclovil.com\/ca\/wp-json\/wp\/v2\/product"}],"about":[{"href":"https:\/\/gonclovil.com\/ca\/wp-json\/wp\/v2\/types\/product"}],"replies":[{"embeddable":true,"href":"https:\/\/gonclovil.com\/ca\/wp-json\/wp\/v2\/comments?post=59042"}],"wp:attachment":[{"href":"https:\/\/gonclovil.com\/ca\/wp-json\/wp\/v2\/media?parent=59042"}],"wp:term":[{"taxonomy":"product_cat","embeddable":true,"href":"https:\/\/gonclovil.com\/ca\/wp-json\/wp\/v2\/product_cat?post=59042"},{"taxonomy":"product_tag","embeddable":true,"href":"https:\/\/gonclovil.com\/ca\/wp-json\/wp\/v2\/product_tag?post=59042"}],"curies":[{"name":"wp","href":"https:\/\/api.w.org\/{rel}","templated":true}]}}