{"id":59160,"date":"2026-04-05T01:08:55","date_gmt":"2026-04-05T01:08:55","guid":{"rendered":"https:\/\/gonclovil.com\/product\/cremallera-poliester-100-30mm-mari-fosc\/"},"modified":"2026-04-05T01:08:56","modified_gmt":"2026-04-05T01:08:56","slug":"cremallera-poliester-100-30mm-mari-fosc","status":"publish","type":"product","link":"https:\/\/gonclovil.com\/ca\/producte\/cremallera-poliester-100-30mm-mari-fosc\/","title":{"rendered":"Cremallera Poli\u00e8ster 100% 30mm Mar\u00ed Fosc"},"content":{"rendered":"","protected":false},"excerpt":{"rendered":"<p>Cremallera Poli\u00e8ster 100% 30mm Mar\u00ed Fosc<\/p>\n","protected":false},"featured_media":0,"comment_status":"closed","ping_status":"open","template":"","meta":{"om_disable_all_campaigns":false,"_mi_skip_tracking":false,"_monsterinsights_sitenote_active":false,"_monsterinsights_sitenote_note":"","_monsterinsights_sitenote_category":0},"product_cat":[3733,2094],"product_tag":[],"aioseo_notices":[],"_links":{"self":[{"href":"https:\/\/gonclovil.com\/ca\/wp-json\/wp\/v2\/product\/59160"}],"collection":[{"href":"https:\/\/gonclovil.com\/ca\/wp-json\/wp\/v2\/product"}],"about":[{"href":"https:\/\/gonclovil.com\/ca\/wp-json\/wp\/v2\/types\/product"}],"replies":[{"embeddable":true,"href":"https:\/\/gonclovil.com\/ca\/wp-json\/wp\/v2\/comments?post=59160"}],"wp:attachment":[{"href":"https:\/\/gonclovil.com\/ca\/wp-json\/wp\/v2\/media?parent=59160"}],"wp:term":[{"taxonomy":"product_cat","embeddable":true,"href":"https:\/\/gonclovil.com\/ca\/wp-json\/wp\/v2\/product_cat?post=59160"},{"taxonomy":"product_tag","embeddable":true,"href":"https:\/\/gonclovil.com\/ca\/wp-json\/wp\/v2\/product_tag?post=59160"}],"curies":[{"name":"wp","href":"https:\/\/api.w.org\/{rel}","templated":true}]}}