{"id":26883,"date":"2024-04-25T21:01:23","date_gmt":"2022-12-01T00:31:27","guid":{"rendered":"https:\/\/gonclovil.com\/product\/arpillera-yute-100-150cm-natural\/"},"modified":"2024-04-26T13:56:25","modified_gmt":"2024-04-26T13:56:25","slug":"arpillera-yute-100-150cm-natural","status":"publish","type":"product","link":"https:\/\/gonclovil.com\/es\/producto\/arpillera-yute-100-150cm-natural\/","title":{"rendered":"Arpillera Yute 100% 150cm Natural"},"content":{"rendered":"<p>Os presentamos la tela de saco, ARPILLERA!<br \/>\nUn tejido ideal para dise\u00f1ar mil y una ideas para vuestro hogar. Un imprescindible para confeccionar complementos decorativos este oto\u00f1o y para estas pr\u00f3ximas fiestas navide\u00f1as! Tambi\u00e9n para hacer bolsas, bolsos\u2026<br \/>\nEst\u00e1 disponible en dos colores: beig y natural, muy vers\u00e1tiles.<\/p>\n","protected":false},"excerpt":{"rendered":"<p>Arpillera Yute 100% 150cm Natural<\/p>\n","protected":false},"featured_media":21347,"comment_status":"closed","ping_status":"open","template":"","meta":{"om_disable_all_campaigns":false,"_mi_skip_tracking":false,"_monsterinsights_sitenote_active":false,"_monsterinsights_sitenote_note":"","_monsterinsights_sitenote_category":0},"product_cat":[1832,1820],"product_tag":[],"aioseo_notices":[],"_links":{"self":[{"href":"https:\/\/gonclovil.com\/es\/wp-json\/wp\/v2\/product\/26883"}],"collection":[{"href":"https:\/\/gonclovil.com\/es\/wp-json\/wp\/v2\/product"}],"about":[{"href":"https:\/\/gonclovil.com\/es\/wp-json\/wp\/v2\/types\/product"}],"replies":[{"embeddable":true,"href":"https:\/\/gonclovil.com\/es\/wp-json\/wp\/v2\/comments?post=26883"}],"wp:featuredmedia":[{"embeddable":true,"href":"https:\/\/gonclovil.com\/es\/wp-json\/wp\/v2\/media\/21347"}],"wp:attachment":[{"href":"https:\/\/gonclovil.com\/es\/wp-json\/wp\/v2\/media?parent=26883"}],"wp:term":[{"taxonomy":"product_cat","embeddable":true,"href":"https:\/\/gonclovil.com\/es\/wp-json\/wp\/v2\/product_cat?post=26883"},{"taxonomy":"product_tag","embeddable":true,"href":"https:\/\/gonclovil.com\/es\/wp-json\/wp\/v2\/product_tag?post=26883"}],"curies":[{"name":"wp","href":"https:\/\/api.w.org\/{rel}","templated":true}]}}