{"id":26890,"date":"2024-04-05T23:32:22","date_gmt":"2024-04-05T23:32:22","guid":{"rendered":"https:\/\/gonclovil.com\/product\/tejido-mesh-3d-poliester-100-160cm-marron\/"},"modified":"2024-04-05T23:32:23","modified_gmt":"2024-04-05T23:32:23","slug":"tejido-mesh-3d-poliester-100-160cm-marron","status":"publish","type":"product","link":"https:\/\/gonclovil.com\/es\/producto\/tejido-mesh-3d-poliester-100-160cm-marron\/","title":{"rendered":"Tejido Mesh 3D Poli\u00e9ster 100% 160cm Marr\u00f3n"},"content":{"rendered":"","protected":false},"excerpt":{"rendered":"<p>Tejido Mesh 3D Poli\u00e9ster 100% 160cm Marr\u00f3n<\/p>\n","protected":false},"featured_media":32716,"comment_status":"closed","ping_status":"open","template":"","meta":{"om_disable_all_campaigns":false,"_mi_skip_tracking":false,"_monsterinsights_sitenote_active":false,"_monsterinsights_sitenote_note":"","_monsterinsights_sitenote_category":0},"product_cat":[2102,1985],"product_tag":[],"aioseo_notices":[],"_links":{"self":[{"href":"https:\/\/gonclovil.com\/es\/wp-json\/wp\/v2\/product\/26890"}],"collection":[{"href":"https:\/\/gonclovil.com\/es\/wp-json\/wp\/v2\/product"}],"about":[{"href":"https:\/\/gonclovil.com\/es\/wp-json\/wp\/v2\/types\/product"}],"replies":[{"embeddable":true,"href":"https:\/\/gonclovil.com\/es\/wp-json\/wp\/v2\/comments?post=26890"}],"wp:featuredmedia":[{"embeddable":true,"href":"https:\/\/gonclovil.com\/es\/wp-json\/wp\/v2\/media\/32716"}],"wp:attachment":[{"href":"https:\/\/gonclovil.com\/es\/wp-json\/wp\/v2\/media?parent=26890"}],"wp:term":[{"taxonomy":"product_cat","embeddable":true,"href":"https:\/\/gonclovil.com\/es\/wp-json\/wp\/v2\/product_cat?post=26890"},{"taxonomy":"product_tag","embeddable":true,"href":"https:\/\/gonclovil.com\/es\/wp-json\/wp\/v2\/product_tag?post=26890"}],"curies":[{"name":"wp","href":"https:\/\/api.w.org\/{rel}","templated":true}]}}