{"id":27645,"date":"2023-01-14T00:32:48","date_gmt":"2023-01-14T00:32:48","guid":{"rendered":"https:\/\/gonclovil.com\/product\/foamitzat-trilobal-poliester-100-150cm-fucsia\/"},"modified":"2023-01-14T00:32:48","modified_gmt":"2023-01-14T00:32:48","slug":"foamitzat-trilobal-poliester-100-150cm-fucsia","status":"publish","type":"product","link":"https:\/\/gonclovil.com\/es\/producto\/foamitzat-trilobal-poliester-100-150cm-fucsia\/","title":{"rendered":"Foamitzat Trilobal Poli\u00e9ster 100% 150cm F\u00facsia"},"content":{"rendered":"","protected":false},"excerpt":{"rendered":"<p>Foamitzat Trilobal Poli\u00e9ster 100% 150cm F\u00facsia<\/p>\n","protected":false},"featured_media":7907,"comment_status":"closed","ping_status":"open","template":"","meta":{"om_disable_all_campaigns":false,"_mi_skip_tracking":false,"_monsterinsights_sitenote_active":false,"_monsterinsights_sitenote_note":"","_monsterinsights_sitenote_category":0},"product_cat":[2105,2120],"product_tag":[],"aioseo_notices":[],"_links":{"self":[{"href":"https:\/\/gonclovil.com\/es\/wp-json\/wp\/v2\/product\/27645"}],"collection":[{"href":"https:\/\/gonclovil.com\/es\/wp-json\/wp\/v2\/product"}],"about":[{"href":"https:\/\/gonclovil.com\/es\/wp-json\/wp\/v2\/types\/product"}],"replies":[{"embeddable":true,"href":"https:\/\/gonclovil.com\/es\/wp-json\/wp\/v2\/comments?post=27645"}],"wp:featuredmedia":[{"embeddable":true,"href":"https:\/\/gonclovil.com\/es\/wp-json\/wp\/v2\/media\/7907"}],"wp:attachment":[{"href":"https:\/\/gonclovil.com\/es\/wp-json\/wp\/v2\/media?parent=27645"}],"wp:term":[{"taxonomy":"product_cat","embeddable":true,"href":"https:\/\/gonclovil.com\/es\/wp-json\/wp\/v2\/product_cat?post=27645"},{"taxonomy":"product_tag","embeddable":true,"href":"https:\/\/gonclovil.com\/es\/wp-json\/wp\/v2\/product_tag?post=27645"}],"curies":[{"name":"wp","href":"https:\/\/api.w.org\/{rel}","templated":true}]}}