{"id":27732,"date":"2024-04-25T21:17:50","date_gmt":"2022-12-01T00:48:29","guid":{"rendered":"https:\/\/gonclovil.com\/product\/isona-poliester-pet-89-11-140cm-plata\/"},"modified":"2024-04-26T14:14:33","modified_gmt":"2024-04-26T14:14:33","slug":"isona-poliester-pet-89-11-140cm-plata","status":"publish","type":"product","link":"https:\/\/gonclovil.com\/es\/producto\/isona-poliester-pet-89-11-140cm-plata\/","title":{"rendered":"Isona Poli\u00e9ster\/PET 89\/11% 140cm Plata"},"content":{"rendered":"<p>Os traemos un tejido isot\u00e9rmico y aislante ideal para conservar tanto el frio como el calor. Es momento de ir a la playa y viajar! \ud83c\udfd6\ufe0f\u2708\ufe0f<br \/>\nEste tipo de tejido se puede usar en caravanas y coches \ud83d\ude90, tambi\u00e9n pod\u00e9is crear todo tipo de accesorios como neveras port\u00e1tiles, mochilas, bolsas para el termo o biberones, bolsas de compra \ud83c\udf92\u2026 todo lo que necesit\u00e9is aislar!<br \/>\nSe puede coser o pegar. Ya pod\u00e9is a empezar a crear vuestros accesorios!<\/p>\n","protected":false},"excerpt":{"rendered":"<p>Isona Poli\u00e9ster\/PET 89\/11% 140cm Plata<\/p>\n","protected":false},"featured_media":22043,"comment_status":"closed","ping_status":"open","template":"","meta":{"om_disable_all_campaigns":false,"_mi_skip_tracking":false,"_monsterinsights_sitenote_active":false,"_monsterinsights_sitenote_note":"","_monsterinsights_sitenote_category":0},"product_cat":[2036,2102],"product_tag":[],"aioseo_notices":[],"_links":{"self":[{"href":"https:\/\/gonclovil.com\/es\/wp-json\/wp\/v2\/product\/27732"}],"collection":[{"href":"https:\/\/gonclovil.com\/es\/wp-json\/wp\/v2\/product"}],"about":[{"href":"https:\/\/gonclovil.com\/es\/wp-json\/wp\/v2\/types\/product"}],"replies":[{"embeddable":true,"href":"https:\/\/gonclovil.com\/es\/wp-json\/wp\/v2\/comments?post=27732"}],"wp:featuredmedia":[{"embeddable":true,"href":"https:\/\/gonclovil.com\/es\/wp-json\/wp\/v2\/media\/22043"}],"wp:attachment":[{"href":"https:\/\/gonclovil.com\/es\/wp-json\/wp\/v2\/media?parent=27732"}],"wp:term":[{"taxonomy":"product_cat","embeddable":true,"href":"https:\/\/gonclovil.com\/es\/wp-json\/wp\/v2\/product_cat?post=27732"},{"taxonomy":"product_tag","embeddable":true,"href":"https:\/\/gonclovil.com\/es\/wp-json\/wp\/v2\/product_tag?post=27732"}],"curies":[{"name":"wp","href":"https:\/\/api.w.org\/{rel}","templated":true}]}}