{"id":27740,"date":"2024-04-22T21:17:53","date_gmt":"2022-12-01T00:48:34","guid":{"rendered":"https:\/\/gonclovil.com\/product\/tejano-algodon-100-310g-m2-160cm-marino\/"},"modified":"2024-04-23T09:24:34","modified_gmt":"2024-04-23T09:24:34","slug":"tejano-algodon-100-310g-m2-160cm-marino","status":"publish","type":"product","link":"https:\/\/gonclovil.com\/es\/producto\/tejano-algodon-100-310g-m2-160cm-marino\/","title":{"rendered":"Tejano Algod\u00f3n 100% 310g\/m2 160cm Marino"},"content":{"rendered":"<p>Un tejido que no pasa nunca de moda, los JEANS!<br \/>\nUn tejido f\u00e1cil de trabajar, agradable al tacto y muy resistente. Con \u00e9l podr\u00e9is crear, combinar y confeccionar todo tipo de prendas y complementos para todo el a\u00f1o.<br \/>\nDisponible en distintos colores y gramajes. Escoge los que m\u00e1s te gusten!<\/p>\n","protected":false},"excerpt":{"rendered":"<p>Tejano Algod\u00f3n 100% 310g\/m2 160cm Marino<\/p>\n","protected":false},"featured_media":36266,"comment_status":"closed","ping_status":"open","template":"","meta":{"om_disable_all_campaigns":false,"_mi_skip_tracking":false,"_monsterinsights_sitenote_active":false,"_monsterinsights_sitenote_note":"","_monsterinsights_sitenote_category":0},"product_cat":[2096,1880],"product_tag":[],"aioseo_notices":[],"_links":{"self":[{"href":"https:\/\/gonclovil.com\/es\/wp-json\/wp\/v2\/product\/27740"}],"collection":[{"href":"https:\/\/gonclovil.com\/es\/wp-json\/wp\/v2\/product"}],"about":[{"href":"https:\/\/gonclovil.com\/es\/wp-json\/wp\/v2\/types\/product"}],"replies":[{"embeddable":true,"href":"https:\/\/gonclovil.com\/es\/wp-json\/wp\/v2\/comments?post=27740"}],"wp:featuredmedia":[{"embeddable":true,"href":"https:\/\/gonclovil.com\/es\/wp-json\/wp\/v2\/media\/36266"}],"wp:attachment":[{"href":"https:\/\/gonclovil.com\/es\/wp-json\/wp\/v2\/media?parent=27740"}],"wp:term":[{"taxonomy":"product_cat","embeddable":true,"href":"https:\/\/gonclovil.com\/es\/wp-json\/wp\/v2\/product_cat?post=27740"},{"taxonomy":"product_tag","embeddable":true,"href":"https:\/\/gonclovil.com\/es\/wp-json\/wp\/v2\/product_tag?post=27740"}],"curies":[{"name":"wp","href":"https:\/\/api.w.org\/{rel}","templated":true}]}}