{"id":28626,"date":"2026-05-13T01:52:02","date_gmt":"2026-05-13T01:52:02","guid":{"rendered":"https:\/\/gonclovil.com\/product\/pique-mundial-algodon-100-150cm-lagrima-verde-6\/"},"modified":"2026-05-13T01:52:02","modified_gmt":"2026-05-13T01:52:02","slug":"pique-mundial-algodon-100-150cm-lagrima-verde-6","status":"publish","type":"product","link":"https:\/\/gonclovil.com\/es\/producto\/pique-mundial-algodon-100-150cm-lagrima-verde-6\/","title":{"rendered":"Piqu\u00e9 Mundial Algod\u00f3n 100% 150cm L\u00e1grima Verde 6"},"content":{"rendered":"","protected":false},"excerpt":{"rendered":"<p>Piqu\u00e9 Mundial Algod\u00f3n 100% 150cm L\u00e1grima Verde 6<\/p>\n","protected":false},"featured_media":23111,"comment_status":"closed","ping_status":"open","template":"","meta":{"om_disable_all_campaigns":false,"_mi_skip_tracking":false,"_monsterinsights_sitenote_active":false,"_monsterinsights_sitenote_note":"","_monsterinsights_sitenote_category":0},"product_cat":[2096,1871],"product_tag":[],"aioseo_notices":[],"_links":{"self":[{"href":"https:\/\/gonclovil.com\/es\/wp-json\/wp\/v2\/product\/28626"}],"collection":[{"href":"https:\/\/gonclovil.com\/es\/wp-json\/wp\/v2\/product"}],"about":[{"href":"https:\/\/gonclovil.com\/es\/wp-json\/wp\/v2\/types\/product"}],"replies":[{"embeddable":true,"href":"https:\/\/gonclovil.com\/es\/wp-json\/wp\/v2\/comments?post=28626"}],"wp:featuredmedia":[{"embeddable":true,"href":"https:\/\/gonclovil.com\/es\/wp-json\/wp\/v2\/media\/23111"}],"wp:attachment":[{"href":"https:\/\/gonclovil.com\/es\/wp-json\/wp\/v2\/media?parent=28626"}],"wp:term":[{"taxonomy":"product_cat","embeddable":true,"href":"https:\/\/gonclovil.com\/es\/wp-json\/wp\/v2\/product_cat?post=28626"},{"taxonomy":"product_tag","embeddable":true,"href":"https:\/\/gonclovil.com\/es\/wp-json\/wp\/v2\/product_tag?post=28626"}],"curies":[{"name":"wp","href":"https:\/\/api.w.org\/{rel}","templated":true}]}}