{"id":28627,"date":"2022-12-01T01:00:06","date_gmt":"2022-12-01T01:00:06","guid":{"rendered":"https:\/\/gonclovil.com\/product\/pique-mundial-algodon-100-150cm-lagrima-azul-7\/"},"modified":"2022-12-01T01:00:06","modified_gmt":"2022-12-01T01:00:06","slug":"pique-mundial-algodon-100-150cm-lagrima-azul-7","status":"publish","type":"product","link":"https:\/\/gonclovil.com\/es\/producto\/pique-mundial-algodon-100-150cm-lagrima-azul-7\/","title":{"rendered":"Piqu\u00e9 Mundial Algod\u00f3n 100% 150cm L\u00e1grima Azul 7"},"content":{"rendered":"","protected":false},"excerpt":{"rendered":"<p>Piqu\u00e9 Mundial Algod\u00f3n 100% 150cm L\u00e1grima Azul 7<\/p>\n","protected":false},"featured_media":23115,"comment_status":"closed","ping_status":"open","template":"","meta":{"om_disable_all_campaigns":false,"_mi_skip_tracking":false,"_monsterinsights_sitenote_active":false,"_monsterinsights_sitenote_note":"","_monsterinsights_sitenote_category":0},"product_cat":[2096,1871],"product_tag":[],"aioseo_notices":[],"_links":{"self":[{"href":"https:\/\/gonclovil.com\/es\/wp-json\/wp\/v2\/product\/28627"}],"collection":[{"href":"https:\/\/gonclovil.com\/es\/wp-json\/wp\/v2\/product"}],"about":[{"href":"https:\/\/gonclovil.com\/es\/wp-json\/wp\/v2\/types\/product"}],"replies":[{"embeddable":true,"href":"https:\/\/gonclovil.com\/es\/wp-json\/wp\/v2\/comments?post=28627"}],"wp:featuredmedia":[{"embeddable":true,"href":"https:\/\/gonclovil.com\/es\/wp-json\/wp\/v2\/media\/23115"}],"wp:attachment":[{"href":"https:\/\/gonclovil.com\/es\/wp-json\/wp\/v2\/media?parent=28627"}],"wp:term":[{"taxonomy":"product_cat","embeddable":true,"href":"https:\/\/gonclovil.com\/es\/wp-json\/wp\/v2\/product_cat?post=28627"},{"taxonomy":"product_tag","embeddable":true,"href":"https:\/\/gonclovil.com\/es\/wp-json\/wp\/v2\/product_tag?post=28627"}],"curies":[{"name":"wp","href":"https:\/\/api.w.org\/{rel}","templated":true}]}}