{"id":34572,"date":"2025-02-16T00:30:31","date_gmt":"2025-02-16T00:30:31","guid":{"rendered":"https:\/\/gonclovil.com\/product\/sarga-canigo-algodon-100-esmerilado-2793\/"},"modified":"2025-02-16T00:30:31","modified_gmt":"2025-02-16T00:30:31","slug":"sarga-canigo-algodon-100-esmerilado-2793","status":"publish","type":"product","link":"https:\/\/gonclovil.com\/es\/producto\/sarga-canigo-algodon-100-esmerilado-2793\/","title":{"rendered":"Sarga Canig\u00f3 Algod\u00f3n 100% Esmerilado 2793"},"content":{"rendered":"","protected":false},"excerpt":{"rendered":"<p>Sarga Canig\u00f3 Algod\u00f3n 100% Esmerilado 2793<\/p>\n","protected":false},"featured_media":34996,"comment_status":"closed","ping_status":"open","template":"","meta":{"om_disable_all_campaigns":false,"_mi_skip_tracking":false,"_monsterinsights_sitenote_active":false,"_monsterinsights_sitenote_note":"","_monsterinsights_sitenote_category":0},"product_cat":[2099,3370],"product_tag":[],"aioseo_notices":[],"_links":{"self":[{"href":"https:\/\/gonclovil.com\/es\/wp-json\/wp\/v2\/product\/34572"}],"collection":[{"href":"https:\/\/gonclovil.com\/es\/wp-json\/wp\/v2\/product"}],"about":[{"href":"https:\/\/gonclovil.com\/es\/wp-json\/wp\/v2\/types\/product"}],"replies":[{"embeddable":true,"href":"https:\/\/gonclovil.com\/es\/wp-json\/wp\/v2\/comments?post=34572"}],"wp:featuredmedia":[{"embeddable":true,"href":"https:\/\/gonclovil.com\/es\/wp-json\/wp\/v2\/media\/34996"}],"wp:attachment":[{"href":"https:\/\/gonclovil.com\/es\/wp-json\/wp\/v2\/media?parent=34572"}],"wp:term":[{"taxonomy":"product_cat","embeddable":true,"href":"https:\/\/gonclovil.com\/es\/wp-json\/wp\/v2\/product_cat?post=34572"},{"taxonomy":"product_tag","embeddable":true,"href":"https:\/\/gonclovil.com\/es\/wp-json\/wp\/v2\/product_tag?post=34572"}],"curies":[{"name":"wp","href":"https:\/\/api.w.org\/{rel}","templated":true}]}}