{"id":38804,"date":"2024-04-22T21:17:54","date_gmt":"2022-12-01T00:48:35","guid":{"rendered":"https:\/\/gonclovil.com\/product\/jeans-03-pol-alg-sp-65-32-3-148cm-marino\/"},"modified":"2024-04-23T09:31:17","modified_gmt":"2024-04-23T09:31:17","slug":"jeans-03-pol-alg-sp-65-32-3-148cm-marino","status":"publish","type":"product","link":"https:\/\/gonclovil.com\/es\/producto\/jeans-03-pol-alg-sp-65-32-3-148cm-marino\/","title":{"rendered":"Jeans 03 Pol\/Alg\/Sp 65\/32\/3% 148cm Marino"},"content":{"rendered":"<p>Un tejido que no pasa nunca de moda, los JEANS!<br \/>\nUn tejido f\u00e1cil de trabajar, agradable al tacto y muy resistente. Con \u00e9l podr\u00e9is crear, combinar y confeccionar todo tipo de prendas y complementos para todo el a\u00f1o.<br \/>\nDisponible en distintos colores y gramajes. Escoge los que m\u00e1s te gusten!<\/p>\n","protected":false},"excerpt":{"rendered":"<p>Jeans 03 Pol\/Alg\/Sp 65\/32\/3% 148cm Marino<\/p>\n","protected":false},"featured_media":22051,"comment_status":"closed","ping_status":"open","template":"","meta":{"om_disable_all_campaigns":false,"_mi_skip_tracking":false,"_monsterinsights_sitenote_active":false,"_monsterinsights_sitenote_note":"","_monsterinsights_sitenote_category":0},"product_cat":[2096,1880],"product_tag":[],"aioseo_notices":[],"_links":{"self":[{"href":"https:\/\/gonclovil.com\/es\/wp-json\/wp\/v2\/product\/38804"}],"collection":[{"href":"https:\/\/gonclovil.com\/es\/wp-json\/wp\/v2\/product"}],"about":[{"href":"https:\/\/gonclovil.com\/es\/wp-json\/wp\/v2\/types\/product"}],"replies":[{"embeddable":true,"href":"https:\/\/gonclovil.com\/es\/wp-json\/wp\/v2\/comments?post=38804"}],"wp:featuredmedia":[{"embeddable":true,"href":"https:\/\/gonclovil.com\/es\/wp-json\/wp\/v2\/media\/22051"}],"wp:attachment":[{"href":"https:\/\/gonclovil.com\/es\/wp-json\/wp\/v2\/media?parent=38804"}],"wp:term":[{"taxonomy":"product_cat","embeddable":true,"href":"https:\/\/gonclovil.com\/es\/wp-json\/wp\/v2\/product_cat?post=38804"},{"taxonomy":"product_tag","embeddable":true,"href":"https:\/\/gonclovil.com\/es\/wp-json\/wp\/v2\/product_tag?post=38804"}],"curies":[{"name":"wp","href":"https:\/\/api.w.org\/{rel}","templated":true}]}}