{"id":45909,"date":"2024-04-22T21:16:30","date_gmt":"2023-10-05T23:32:45","guid":{"rendered":"https:\/\/gonclovil.com\/product\/fardero-resinado-algodon-100-140cm-mostaza\/"},"modified":"2024-04-23T10:43:01","modified_gmt":"2024-04-23T10:43:01","slug":"fardero-resinado-algodon-100-140cm-mostaza","status":"publish","type":"product","link":"https:\/\/gonclovil.com\/es\/producto\/fardero-resinado-algodon-100-140cm-mostaza\/","title":{"rendered":"Fardero Resinado Algod\u00f3n 100% 140cm Mostaza"},"content":{"rendered":"<p>Os traemos el FARDERO RESINADO!<br \/>\nUn tejido ideal para manteler\u00eda. Es de algod\u00f3n con un tratamiento resinado en una cara, especial anti manchas. F\u00e1cil de limpiar con un pa\u00f1o h\u00famedo o tambi\u00e9n puede ponerse en la lavadora.<br \/>\n\u00a1Disponible en distintos colores!<\/p>\n","protected":false},"excerpt":{"rendered":"<p>Fardero Resinado Algod\u00f3n 100% 140cm Mostaza<\/p>\n","protected":false},"featured_media":47379,"comment_status":"closed","ping_status":"open","template":"","meta":{"om_disable_all_campaigns":false,"_mi_skip_tracking":false,"_monsterinsights_sitenote_active":false,"_monsterinsights_sitenote_note":"","_monsterinsights_sitenote_category":0},"product_cat":[2030,2117],"product_tag":[],"aioseo_notices":[],"_links":{"self":[{"href":"https:\/\/gonclovil.com\/es\/wp-json\/wp\/v2\/product\/45909"}],"collection":[{"href":"https:\/\/gonclovil.com\/es\/wp-json\/wp\/v2\/product"}],"about":[{"href":"https:\/\/gonclovil.com\/es\/wp-json\/wp\/v2\/types\/product"}],"replies":[{"embeddable":true,"href":"https:\/\/gonclovil.com\/es\/wp-json\/wp\/v2\/comments?post=45909"}],"wp:featuredmedia":[{"embeddable":true,"href":"https:\/\/gonclovil.com\/es\/wp-json\/wp\/v2\/media\/47379"}],"wp:attachment":[{"href":"https:\/\/gonclovil.com\/es\/wp-json\/wp\/v2\/media?parent=45909"}],"wp:term":[{"taxonomy":"product_cat","embeddable":true,"href":"https:\/\/gonclovil.com\/es\/wp-json\/wp\/v2\/product_cat?post=45909"},{"taxonomy":"product_tag","embeddable":true,"href":"https:\/\/gonclovil.com\/es\/wp-json\/wp\/v2\/product_tag?post=45909"}],"curies":[{"name":"wp","href":"https:\/\/api.w.org\/{rel}","templated":true}]}}