{"id":51747,"date":"2024-09-26T23:33:36","date_gmt":"2024-09-26T23:33:36","guid":{"rendered":"https:\/\/gonclovil.com\/product\/foxy-algodon-100-150cm-fucsia\/"},"modified":"2024-09-26T23:33:37","modified_gmt":"2024-09-26T23:33:37","slug":"foxy-algodon-100-150cm-fucsia","status":"publish","type":"product","link":"https:\/\/gonclovil.com\/es\/producto\/foxy-algodon-100-150cm-fucsia\/","title":{"rendered":"Foxy Algod\u00f3n 100% 150cm F\u00facsia"},"content":{"rendered":"","protected":false},"excerpt":{"rendered":"<p>Foxy Algod\u00f3n 100% 150cm F\u00facsia<\/p>\n","protected":false},"featured_media":53164,"comment_status":"closed","ping_status":"open","template":"","meta":{"om_disable_all_campaigns":false,"_mi_skip_tracking":false,"_monsterinsights_sitenote_active":false,"_monsterinsights_sitenote_note":"","_monsterinsights_sitenote_category":0},"product_cat":[3605,2102],"product_tag":[],"aioseo_notices":[],"_links":{"self":[{"href":"https:\/\/gonclovil.com\/es\/wp-json\/wp\/v2\/product\/51747"}],"collection":[{"href":"https:\/\/gonclovil.com\/es\/wp-json\/wp\/v2\/product"}],"about":[{"href":"https:\/\/gonclovil.com\/es\/wp-json\/wp\/v2\/types\/product"}],"replies":[{"embeddable":true,"href":"https:\/\/gonclovil.com\/es\/wp-json\/wp\/v2\/comments?post=51747"}],"wp:featuredmedia":[{"embeddable":true,"href":"https:\/\/gonclovil.com\/es\/wp-json\/wp\/v2\/media\/53164"}],"wp:attachment":[{"href":"https:\/\/gonclovil.com\/es\/wp-json\/wp\/v2\/media?parent=51747"}],"wp:term":[{"taxonomy":"product_cat","embeddable":true,"href":"https:\/\/gonclovil.com\/es\/wp-json\/wp\/v2\/product_cat?post=51747"},{"taxonomy":"product_tag","embeddable":true,"href":"https:\/\/gonclovil.com\/es\/wp-json\/wp\/v2\/product_tag?post=51747"}],"curies":[{"name":"wp","href":"https:\/\/api.w.org\/{rel}","templated":true}]}}