{"id":51860,"date":"2025-11-30T23:21:25","date_gmt":"2024-10-15T23:37:15","guid":{"rendered":"https:\/\/gonclovil.com\/product\/pique-waffle-algodon-100-147cm-blanco\/"},"modified":"2024-10-15T23:37:16","modified_gmt":"2024-10-15T23:37:16","slug":"pique-waffle-algodon-100-147cm-blanco","status":"publish","type":"product","link":"https:\/\/gonclovil.com\/es\/producto\/pique-waffle-algodon-100-147cm-blanco\/","title":{"rendered":"Piqu\u00e9 Waffle Algod\u00f3n 100% 147cm Blanco"},"content":{"rendered":"","protected":false},"excerpt":{"rendered":"<p>Piqu\u00e9 Waffle Algod\u00f3n 100% 147cm Blanco<\/p>\n","protected":false},"featured_media":47948,"comment_status":"closed","ping_status":"open","template":"","meta":{"om_disable_all_campaigns":false,"_mi_skip_tracking":false,"_monsterinsights_sitenote_active":false,"_monsterinsights_sitenote_note":"","_monsterinsights_sitenote_category":0},"product_cat":[2096],"product_tag":[],"aioseo_notices":[],"_links":{"self":[{"href":"https:\/\/gonclovil.com\/es\/wp-json\/wp\/v2\/product\/51860"}],"collection":[{"href":"https:\/\/gonclovil.com\/es\/wp-json\/wp\/v2\/product"}],"about":[{"href":"https:\/\/gonclovil.com\/es\/wp-json\/wp\/v2\/types\/product"}],"replies":[{"embeddable":true,"href":"https:\/\/gonclovil.com\/es\/wp-json\/wp\/v2\/comments?post=51860"}],"wp:featuredmedia":[{"embeddable":true,"href":"https:\/\/gonclovil.com\/es\/wp-json\/wp\/v2\/media\/47948"}],"wp:attachment":[{"href":"https:\/\/gonclovil.com\/es\/wp-json\/wp\/v2\/media?parent=51860"}],"wp:term":[{"taxonomy":"product_cat","embeddable":true,"href":"https:\/\/gonclovil.com\/es\/wp-json\/wp\/v2\/product_cat?post=51860"},{"taxonomy":"product_tag","embeddable":true,"href":"https:\/\/gonclovil.com\/es\/wp-json\/wp\/v2\/product_tag?post=51860"}],"curies":[{"name":"wp","href":"https:\/\/api.w.org\/{rel}","templated":true}]}}