{"id":51881,"date":"2025-11-30T23:24:07","date_gmt":"2024-10-15T23:37:36","guid":{"rendered":"https:\/\/gonclovil.com\/product\/pique-waffle-algodon-100-147cm-old-rose\/"},"modified":"2024-10-15T23:37:36","modified_gmt":"2024-10-15T23:37:36","slug":"pique-waffle-algodon-100-147cm-old-rose","status":"publish","type":"product","link":"https:\/\/gonclovil.com\/es\/producto\/pique-waffle-algodon-100-147cm-old-rose\/","title":{"rendered":"Piqu\u00e9 Waffle Algod\u00f3n 100% 147cm Old Rose"},"content":{"rendered":"","protected":false},"excerpt":{"rendered":"<p>Piqu\u00e9 Waffle Algod\u00f3n 100% 147cm Old Rose<\/p>\n","protected":false},"featured_media":48008,"comment_status":"closed","ping_status":"open","template":"","meta":{"om_disable_all_campaigns":false,"_mi_skip_tracking":false,"_monsterinsights_sitenote_active":false,"_monsterinsights_sitenote_note":"","_monsterinsights_sitenote_category":0},"product_cat":[2096],"product_tag":[],"aioseo_notices":[],"_links":{"self":[{"href":"https:\/\/gonclovil.com\/es\/wp-json\/wp\/v2\/product\/51881"}],"collection":[{"href":"https:\/\/gonclovil.com\/es\/wp-json\/wp\/v2\/product"}],"about":[{"href":"https:\/\/gonclovil.com\/es\/wp-json\/wp\/v2\/types\/product"}],"replies":[{"embeddable":true,"href":"https:\/\/gonclovil.com\/es\/wp-json\/wp\/v2\/comments?post=51881"}],"wp:featuredmedia":[{"embeddable":true,"href":"https:\/\/gonclovil.com\/es\/wp-json\/wp\/v2\/media\/48008"}],"wp:attachment":[{"href":"https:\/\/gonclovil.com\/es\/wp-json\/wp\/v2\/media?parent=51881"}],"wp:term":[{"taxonomy":"product_cat","embeddable":true,"href":"https:\/\/gonclovil.com\/es\/wp-json\/wp\/v2\/product_cat?post=51881"},{"taxonomy":"product_tag","embeddable":true,"href":"https:\/\/gonclovil.com\/es\/wp-json\/wp\/v2\/product_tag?post=51881"}],"curies":[{"name":"wp","href":"https:\/\/api.w.org\/{rel}","templated":true}]}}