{"id":54872,"date":"2025-03-22T00:31:34","date_gmt":"2025-03-22T00:31:34","guid":{"rendered":"https:\/\/gonclovil.com\/product\/pana-algodon-100-147cm-marron\/"},"modified":"2025-03-22T00:31:35","modified_gmt":"2025-03-22T00:31:35","slug":"pana-algodon-100-147cm-marron","status":"publish","type":"product","link":"https:\/\/gonclovil.com\/es\/producto\/pana-algodon-100-147cm-marron\/","title":{"rendered":"Pana Algod\u00f3n 100% 147cm Marr\u00f3n"},"content":{"rendered":"","protected":false},"excerpt":{"rendered":"<p>Pana Algod\u00f3n 100% 147cm Marr\u00f3n<\/p>\n","protected":false},"featured_media":56375,"comment_status":"closed","ping_status":"open","template":"","meta":{"om_disable_all_campaigns":false,"_mi_skip_tracking":false,"_monsterinsights_sitenote_active":false,"_monsterinsights_sitenote_note":"","_monsterinsights_sitenote_category":0},"product_cat":[2096,1868],"product_tag":[],"aioseo_notices":[],"_links":{"self":[{"href":"https:\/\/gonclovil.com\/es\/wp-json\/wp\/v2\/product\/54872"}],"collection":[{"href":"https:\/\/gonclovil.com\/es\/wp-json\/wp\/v2\/product"}],"about":[{"href":"https:\/\/gonclovil.com\/es\/wp-json\/wp\/v2\/types\/product"}],"replies":[{"embeddable":true,"href":"https:\/\/gonclovil.com\/es\/wp-json\/wp\/v2\/comments?post=54872"}],"wp:featuredmedia":[{"embeddable":true,"href":"https:\/\/gonclovil.com\/es\/wp-json\/wp\/v2\/media\/56375"}],"wp:attachment":[{"href":"https:\/\/gonclovil.com\/es\/wp-json\/wp\/v2\/media?parent=54872"}],"wp:term":[{"taxonomy":"product_cat","embeddable":true,"href":"https:\/\/gonclovil.com\/es\/wp-json\/wp\/v2\/product_cat?post=54872"},{"taxonomy":"product_tag","embeddable":true,"href":"https:\/\/gonclovil.com\/es\/wp-json\/wp\/v2\/product_tag?post=54872"}],"curies":[{"name":"wp","href":"https:\/\/api.w.org\/{rel}","templated":true}]}}