{"id":55866,"date":"2025-05-02T23:30:44","date_gmt":"2025-05-02T23:30:44","guid":{"rendered":"https:\/\/gonclovil.com\/product\/boucle-poliester-100-150cm-arena\/"},"modified":"2025-05-02T23:30:44","modified_gmt":"2025-05-02T23:30:44","slug":"boucle-poliester-100-150cm-arena","status":"publish","type":"product","link":"https:\/\/gonclovil.com\/es\/producto\/boucle-poliester-100-150cm-arena\/","title":{"rendered":"Boucl\u00e9 Poli\u00e9ster 100% 150cm Arena"},"content":{"rendered":"","protected":false},"excerpt":{"rendered":"<p>Boucl\u00e9 Poli\u00e9ster 100% 150cm Arena<\/p>\n","protected":false},"featured_media":56631,"comment_status":"closed","ping_status":"open","template":"","meta":{"om_disable_all_campaigns":false,"_mi_skip_tracking":false,"_monsterinsights_sitenote_active":false,"_monsterinsights_sitenote_note":"","_monsterinsights_sitenote_category":0},"product_cat":[3668,2096],"product_tag":[],"aioseo_notices":[],"_links":{"self":[{"href":"https:\/\/gonclovil.com\/es\/wp-json\/wp\/v2\/product\/55866"}],"collection":[{"href":"https:\/\/gonclovil.com\/es\/wp-json\/wp\/v2\/product"}],"about":[{"href":"https:\/\/gonclovil.com\/es\/wp-json\/wp\/v2\/types\/product"}],"replies":[{"embeddable":true,"href":"https:\/\/gonclovil.com\/es\/wp-json\/wp\/v2\/comments?post=55866"}],"wp:featuredmedia":[{"embeddable":true,"href":"https:\/\/gonclovil.com\/es\/wp-json\/wp\/v2\/media\/56631"}],"wp:attachment":[{"href":"https:\/\/gonclovil.com\/es\/wp-json\/wp\/v2\/media?parent=55866"}],"wp:term":[{"taxonomy":"product_cat","embeddable":true,"href":"https:\/\/gonclovil.com\/es\/wp-json\/wp\/v2\/product_cat?post=55866"},{"taxonomy":"product_tag","embeddable":true,"href":"https:\/\/gonclovil.com\/es\/wp-json\/wp\/v2\/product_tag?post=55866"}],"curies":[{"name":"wp","href":"https:\/\/api.w.org\/{rel}","templated":true}]}}