{"id":57236,"date":"2026-02-28T00:36:50","date_gmt":"2026-02-28T00:36:50","guid":{"rendered":"https:\/\/gonclovil.com\/product\/pique-universal-algodon-100-150cm-blanco\/"},"modified":"2026-02-28T00:36:50","modified_gmt":"2026-02-28T00:36:50","slug":"pique-universal-algodon-100-150cm-blanco","status":"publish","type":"product","link":"https:\/\/gonclovil.com\/es\/producto\/pique-universal-algodon-100-150cm-blanco\/","title":{"rendered":"Piqu\u00e9 Universal Algod\u00f3n 100% 150cm Blanco"},"content":{"rendered":"","protected":false},"excerpt":{"rendered":"<p>Piqu\u00e9 Universal Algod\u00f3n 100% 150cm Blanco<\/p>\n","protected":false},"featured_media":0,"comment_status":"closed","ping_status":"open","template":"","meta":{"om_disable_all_campaigns":false,"_mi_skip_tracking":false,"_monsterinsights_sitenote_active":false,"_monsterinsights_sitenote_note":"","_monsterinsights_sitenote_category":0},"product_cat":[2096,2075],"product_tag":[],"aioseo_notices":[],"_links":{"self":[{"href":"https:\/\/gonclovil.com\/es\/wp-json\/wp\/v2\/product\/57236"}],"collection":[{"href":"https:\/\/gonclovil.com\/es\/wp-json\/wp\/v2\/product"}],"about":[{"href":"https:\/\/gonclovil.com\/es\/wp-json\/wp\/v2\/types\/product"}],"replies":[{"embeddable":true,"href":"https:\/\/gonclovil.com\/es\/wp-json\/wp\/v2\/comments?post=57236"}],"wp:attachment":[{"href":"https:\/\/gonclovil.com\/es\/wp-json\/wp\/v2\/media?parent=57236"}],"wp:term":[{"taxonomy":"product_cat","embeddable":true,"href":"https:\/\/gonclovil.com\/es\/wp-json\/wp\/v2\/product_cat?post=57236"},{"taxonomy":"product_tag","embeddable":true,"href":"https:\/\/gonclovil.com\/es\/wp-json\/wp\/v2\/product_tag?post=57236"}],"curies":[{"name":"wp","href":"https:\/\/api.w.org\/{rel}","templated":true}]}}