{"id":29461,"date":"2024-04-25T21:01:21","date_gmt":"2022-02-05T23:15:24","guid":{"rendered":"https:\/\/gonclovil.com\/product\/toile-de-jute-100-jute-150cm-beige\/"},"modified":"2024-04-26T14:00:14","modified_gmt":"2024-04-26T14:00:14","slug":"toile-de-jute-100-jute-150cm-beige","status":"publish","type":"product","link":"https:\/\/gonclovil.com\/fr\/produit\/toile-de-jute-100-jute-150cm-beige\/","title":{"rendered":"Toile de Jute 100% Jute 150cm Beige"},"content":{"rendered":"<p>Nous vous pr\u00e9sentons le sac, ARPILLERA !<br \/>\nUn tissu id\u00e9al pour concevoir mille et une id\u00e9es pour votre maison. Un indispensable pour r\u00e9aliser des accessoires d\u00e9co cet automne et pour ces prochaines f\u00eates de No\u00ebl ! Egalement pour confectionner des sacs, des porte-monnaie&#8230;<br \/>\nIl est disponible en deux couleurs : beige et naturel, tr\u00e8s polyvalent.<\/p>\n","protected":false},"excerpt":{"rendered":"<p>Toile de Jute 100% Jute 150cm Beige<\/p>\n","protected":false},"featured_media":21338,"comment_status":"closed","ping_status":"open","template":"","meta":{"om_disable_all_campaigns":false,"_mi_skip_tracking":false,"_monsterinsights_sitenote_active":false,"_monsterinsights_sitenote_note":"","_monsterinsights_sitenote_category":0},"product_cat":[1819,1831],"product_tag":[],"aioseo_notices":[],"_links":{"self":[{"href":"https:\/\/gonclovil.com\/fr\/wp-json\/wp\/v2\/product\/29461"}],"collection":[{"href":"https:\/\/gonclovil.com\/fr\/wp-json\/wp\/v2\/product"}],"about":[{"href":"https:\/\/gonclovil.com\/fr\/wp-json\/wp\/v2\/types\/product"}],"replies":[{"embeddable":true,"href":"https:\/\/gonclovil.com\/fr\/wp-json\/wp\/v2\/comments?post=29461"}],"wp:featuredmedia":[{"embeddable":true,"href":"https:\/\/gonclovil.com\/fr\/wp-json\/wp\/v2\/media\/21338"}],"wp:attachment":[{"href":"https:\/\/gonclovil.com\/fr\/wp-json\/wp\/v2\/media?parent=29461"}],"wp:term":[{"taxonomy":"product_cat","embeddable":true,"href":"https:\/\/gonclovil.com\/fr\/wp-json\/wp\/v2\/product_cat?post=29461"},{"taxonomy":"product_tag","embeddable":true,"href":"https:\/\/gonclovil.com\/fr\/wp-json\/wp\/v2\/product_tag?post=29461"}],"curies":[{"name":"wp","href":"https:\/\/api.w.org\/{rel}","templated":true}]}}