{"id":29877,"date":"2024-04-22T21:07:22","date_gmt":"2022-02-05T23:22:47","guid":{"rendered":"https:\/\/gonclovil.com\/product\/doublure-durango-100-coton-80cm-noir\/"},"modified":"2024-04-23T11:00:25","modified_gmt":"2024-04-23T11:00:25","slug":"entoilage-durango-100-coton-80cm-noir","status":"publish","type":"product","link":"https:\/\/gonclovil.com\/fr\/produit\/entoilage-durango-100-coton-80cm-noir\/","title":{"rendered":"Entoilage Durango 100% Coton 80cm Noir"},"content":{"rendered":"<p>Les tissus d&#8217;entoilage sont des tissus utilis\u00e9s en couture comme renfort. Pour donner de la consistance et du corps aux tissus plus l\u00e9gers dans la confection de v\u00eatements, d&#8217;artisanat en g\u00e9n\u00e9ral ou de sacs.<br \/>\nDisponible en deux couleurs : noir et blanc. Nous les avons sans colle thermocollante ou \u00e9galement avec de la colle sur une face ou sur les deux faces. Le tout en deux grammages : fin et \u00e9pais !<\/p>\n","protected":false},"excerpt":{"rendered":"<p>Entoilage Durango 100% Coton 80cm Noir<\/p>\n","protected":false},"featured_media":7673,"comment_status":"closed","ping_status":"open","template":"","meta":{"om_disable_all_campaigns":false,"_mi_skip_tracking":false,"_monsterinsights_sitenote_active":false,"_monsterinsights_sitenote_note":"","_monsterinsights_sitenote_category":0},"product_cat":[1819,1828],"product_tag":[],"aioseo_notices":[],"_links":{"self":[{"href":"https:\/\/gonclovil.com\/fr\/wp-json\/wp\/v2\/product\/29877"}],"collection":[{"href":"https:\/\/gonclovil.com\/fr\/wp-json\/wp\/v2\/product"}],"about":[{"href":"https:\/\/gonclovil.com\/fr\/wp-json\/wp\/v2\/types\/product"}],"replies":[{"embeddable":true,"href":"https:\/\/gonclovil.com\/fr\/wp-json\/wp\/v2\/comments?post=29877"}],"wp:featuredmedia":[{"embeddable":true,"href":"https:\/\/gonclovil.com\/fr\/wp-json\/wp\/v2\/media\/7673"}],"wp:attachment":[{"href":"https:\/\/gonclovil.com\/fr\/wp-json\/wp\/v2\/media?parent=29877"}],"wp:term":[{"taxonomy":"product_cat","embeddable":true,"href":"https:\/\/gonclovil.com\/fr\/wp-json\/wp\/v2\/product_cat?post=29877"},{"taxonomy":"product_tag","embeddable":true,"href":"https:\/\/gonclovil.com\/fr\/wp-json\/wp\/v2\/product_tag?post=29877"}],"curies":[{"name":"wp","href":"https:\/\/api.w.org\/{rel}","templated":true}]}}