{"id":30312,"date":"2024-04-25T21:17:50","date_gmt":"2022-02-05T23:31:03","guid":{"rendered":"https:\/\/gonclovil.com\/product\/isona-89-11-polyester-pet-89-11-140cm-argent\/"},"modified":"2024-04-26T14:14:07","modified_gmt":"2024-04-26T14:14:07","slug":"isona-89-11-polyester-pet-89-11-140cm-argent","status":"publish","type":"product","link":"https:\/\/gonclovil.com\/fr\/produit\/isona-89-11-polyester-pet-89-11-140cm-argent\/","title":{"rendered":"Isona 89\/11% Polyester\/PET 89\/11% 140cm Argent"},"content":{"rendered":"<p>Nous vous apportons un tissu isotherme et isolant id\u00e9al pour garder \u00e0 la fois le froid et la chaleur. Il est temps d&#8217;aller \u00e0 la plage et de voyager! \ud83c\udfd6\ufe0f\u2708\ufe0f<br \/>\nCe type de tissu peut \u00eatre utilis\u00e9 dans les caravanes et les voitures \ud83d\ude90, vous pouvez \u00e9galement cr\u00e9er toutes sortes d&#8217;accessoires tels que de sac r\u00e9frig\u00e9rant, des sacs \u00e0 dos, des sacs pour thermos ou bouteilles, cabas \ud83c\udf92&#8230; tout ce que vous devez isoler!<br \/>\nVous pouvez coudre ou coller. Vous pouvez commencer \u00e0 cr\u00e9er vos accessoires!<\/p>\n","protected":false},"excerpt":{"rendered":"<p>Isona 89\/11% Polyester\/PET 89\/11% 140cm Argent<\/p>\n","protected":false},"featured_media":22042,"comment_status":"closed","ping_status":"open","template":"","meta":{"om_disable_all_campaigns":false,"_mi_skip_tracking":false,"_monsterinsights_sitenote_active":false,"_monsterinsights_sitenote_note":"","_monsterinsights_sitenote_category":0},"product_cat":[2035,2101],"product_tag":[],"aioseo_notices":[],"_links":{"self":[{"href":"https:\/\/gonclovil.com\/fr\/wp-json\/wp\/v2\/product\/30312"}],"collection":[{"href":"https:\/\/gonclovil.com\/fr\/wp-json\/wp\/v2\/product"}],"about":[{"href":"https:\/\/gonclovil.com\/fr\/wp-json\/wp\/v2\/types\/product"}],"replies":[{"embeddable":true,"href":"https:\/\/gonclovil.com\/fr\/wp-json\/wp\/v2\/comments?post=30312"}],"wp:featuredmedia":[{"embeddable":true,"href":"https:\/\/gonclovil.com\/fr\/wp-json\/wp\/v2\/media\/22042"}],"wp:attachment":[{"href":"https:\/\/gonclovil.com\/fr\/wp-json\/wp\/v2\/media?parent=30312"}],"wp:term":[{"taxonomy":"product_cat","embeddable":true,"href":"https:\/\/gonclovil.com\/fr\/wp-json\/wp\/v2\/product_cat?post=30312"},{"taxonomy":"product_tag","embeddable":true,"href":"https:\/\/gonclovil.com\/fr\/wp-json\/wp\/v2\/product_tag?post=30312"}],"curies":[{"name":"wp","href":"https:\/\/api.w.org\/{rel}","templated":true}]}}