{"id":30320,"date":"2024-04-22T21:17:53","date_gmt":"2022-02-25T04:02:34","guid":{"rendered":"https:\/\/gonclovil.com\/product\/jeans-100-coton-310g-m2-160cm-marine\/"},"modified":"2024-04-23T09:24:18","modified_gmt":"2024-04-23T09:24:18","slug":"jeans-100-coton-310g-m2-160cm-marine","status":"publish","type":"product","link":"https:\/\/gonclovil.com\/fr\/produit\/jeans-100-coton-310g-m2-160cm-marine\/","title":{"rendered":"Jeans 100% Coton 310g\/m2 160cm Marine"},"content":{"rendered":"<p>Un tissu ind\u00e9modable, le JEANS!<br \/>\nUn tissu facile \u00e0 travailler, agr\u00e9able au toucher et tr\u00e8s r\u00e9sistant. Avec lui, vous pouvez cr\u00e9er, combiner et r\u00e9aliser toute sorte de v\u00eatements et d&#8217;accessoires pour toute l&#8217;ann\u00e9e.<br \/>\nDisponible en diff\u00e9rentes couleurs et poids. Choisissez ceux que vous aimez le plus!<\/p>\n","protected":false},"excerpt":{"rendered":"<p>Jeans 100% Coton 310g\/m2 160cm Marine<\/p>\n","protected":false},"featured_media":36265,"comment_status":"closed","ping_status":"open","template":"","meta":{"om_disable_all_campaigns":false,"_mi_skip_tracking":false,"_monsterinsights_sitenote_active":false,"_monsterinsights_sitenote_note":"","_monsterinsights_sitenote_category":0},"product_cat":[2095,1879],"product_tag":[],"aioseo_notices":[],"_links":{"self":[{"href":"https:\/\/gonclovil.com\/fr\/wp-json\/wp\/v2\/product\/30320"}],"collection":[{"href":"https:\/\/gonclovil.com\/fr\/wp-json\/wp\/v2\/product"}],"about":[{"href":"https:\/\/gonclovil.com\/fr\/wp-json\/wp\/v2\/types\/product"}],"replies":[{"embeddable":true,"href":"https:\/\/gonclovil.com\/fr\/wp-json\/wp\/v2\/comments?post=30320"}],"wp:featuredmedia":[{"embeddable":true,"href":"https:\/\/gonclovil.com\/fr\/wp-json\/wp\/v2\/media\/36265"}],"wp:attachment":[{"href":"https:\/\/gonclovil.com\/fr\/wp-json\/wp\/v2\/media?parent=30320"}],"wp:term":[{"taxonomy":"product_cat","embeddable":true,"href":"https:\/\/gonclovil.com\/fr\/wp-json\/wp\/v2\/product_cat?post=30320"},{"taxonomy":"product_tag","embeddable":true,"href":"https:\/\/gonclovil.com\/fr\/wp-json\/wp\/v2\/product_tag?post=30320"}],"curies":[{"name":"wp","href":"https:\/\/api.w.org\/{rel}","templated":true}]}}