{"id":30973,"date":"2025-04-24T03:03:35","date_gmt":"2025-04-24T03:03:35","guid":{"rendered":"https:\/\/gonclovil.com\/product\/panama-mari-coto-100-150cm-beig\/"},"modified":"2025-04-24T03:03:35","modified_gmt":"2025-04-24T03:03:35","slug":"panama-mari-coto-100-150cm-beig","status":"publish","type":"product","link":"https:\/\/gonclovil.com\/fr\/produit\/panama-mari-coto-100-150cm-beig\/","title":{"rendered":"Panam\u00e0 Mari Cot\u00f3 100% 150cm Beig"},"content":{"rendered":"","protected":false},"excerpt":{"rendered":"<p>Panam\u00e0 Mari Cot\u00f3 100% 150cm Beig<\/p>\n","protected":false},"featured_media":47541,"comment_status":"closed","ping_status":"open","template":"","meta":{"om_disable_all_campaigns":false,"_mi_skip_tracking":false,"_monsterinsights_sitenote_active":false,"_monsterinsights_sitenote_note":"","_monsterinsights_sitenote_category":0},"product_cat":[2056,2396,2101],"product_tag":[],"aioseo_notices":[],"_links":{"self":[{"href":"https:\/\/gonclovil.com\/fr\/wp-json\/wp\/v2\/product\/30973"}],"collection":[{"href":"https:\/\/gonclovil.com\/fr\/wp-json\/wp\/v2\/product"}],"about":[{"href":"https:\/\/gonclovil.com\/fr\/wp-json\/wp\/v2\/types\/product"}],"replies":[{"embeddable":true,"href":"https:\/\/gonclovil.com\/fr\/wp-json\/wp\/v2\/comments?post=30973"}],"wp:featuredmedia":[{"embeddable":true,"href":"https:\/\/gonclovil.com\/fr\/wp-json\/wp\/v2\/media\/47541"}],"wp:attachment":[{"href":"https:\/\/gonclovil.com\/fr\/wp-json\/wp\/v2\/media?parent=30973"}],"wp:term":[{"taxonomy":"product_cat","embeddable":true,"href":"https:\/\/gonclovil.com\/fr\/wp-json\/wp\/v2\/product_cat?post=30973"},{"taxonomy":"product_tag","embeddable":true,"href":"https:\/\/gonclovil.com\/fr\/wp-json\/wp\/v2\/product_tag?post=30973"}],"curies":[{"name":"wp","href":"https:\/\/api.w.org\/{rel}","templated":true}]}}