{"id":30982,"date":"2022-02-05T23:41:27","date_gmt":"2022-02-05T23:41:27","guid":{"rendered":"https:\/\/gonclovil.com\/product\/panama-2410-coto-100-130cm\/"},"modified":"2022-02-05T23:41:27","modified_gmt":"2022-02-05T23:41:27","slug":"panama-2410-coto-100-130cm","status":"publish","type":"product","link":"https:\/\/gonclovil.com\/fr\/produit\/panama-2410-coto-100-130cm\/","title":{"rendered":"Panam\u00e0 2410 Cot\u00f3 100% 130cm"},"content":{"rendered":"","protected":false},"excerpt":{"rendered":"<p>Panam\u00e0 2410 Cot\u00f3 100% 130cm<\/p>\n","protected":false},"featured_media":0,"comment_status":"closed","ping_status":"open","template":"","meta":{"om_disable_all_campaigns":false,"_mi_skip_tracking":false,"_monsterinsights_sitenote_active":false,"_monsterinsights_sitenote_note":"","_monsterinsights_sitenote_category":0},"product_cat":[2053,2101],"product_tag":[],"aioseo_notices":[],"_links":{"self":[{"href":"https:\/\/gonclovil.com\/fr\/wp-json\/wp\/v2\/product\/30982"}],"collection":[{"href":"https:\/\/gonclovil.com\/fr\/wp-json\/wp\/v2\/product"}],"about":[{"href":"https:\/\/gonclovil.com\/fr\/wp-json\/wp\/v2\/types\/product"}],"replies":[{"embeddable":true,"href":"https:\/\/gonclovil.com\/fr\/wp-json\/wp\/v2\/comments?post=30982"}],"wp:attachment":[{"href":"https:\/\/gonclovil.com\/fr\/wp-json\/wp\/v2\/media?parent=30982"}],"wp:term":[{"taxonomy":"product_cat","embeddable":true,"href":"https:\/\/gonclovil.com\/fr\/wp-json\/wp\/v2\/product_cat?post=30982"},{"taxonomy":"product_tag","embeddable":true,"href":"https:\/\/gonclovil.com\/fr\/wp-json\/wp\/v2\/product_tag?post=30982"}],"curies":[{"name":"wp","href":"https:\/\/api.w.org\/{rel}","templated":true}]}}