{"id":30984,"date":"2026-05-13T04:09:53","date_gmt":"2026-05-13T04:09:53","guid":{"rendered":"https:\/\/gonclovil.com\/product\/panama-3210-coto-100-140cm\/"},"modified":"2026-05-13T04:09:53","modified_gmt":"2026-05-13T04:09:53","slug":"panama-3210-coto-100-140cm","status":"publish","type":"product","link":"https:\/\/gonclovil.com\/fr\/produit\/panama-3210-coto-100-140cm\/","title":{"rendered":"Panam\u00e0 3210 Cot\u00f3 100% 140cm"},"content":{"rendered":"","protected":false},"excerpt":{"rendered":"<p>Panam\u00e0 3210 Cot\u00f3 100% 140cm<\/p>\n","protected":false},"featured_media":0,"comment_status":"closed","ping_status":"open","template":"","meta":{"om_disable_all_campaigns":false,"_mi_skip_tracking":false,"_monsterinsights_sitenote_active":false,"_monsterinsights_sitenote_note":"","_monsterinsights_sitenote_category":0},"product_cat":[2053,2101],"product_tag":[],"aioseo_notices":[],"_links":{"self":[{"href":"https:\/\/gonclovil.com\/fr\/wp-json\/wp\/v2\/product\/30984"}],"collection":[{"href":"https:\/\/gonclovil.com\/fr\/wp-json\/wp\/v2\/product"}],"about":[{"href":"https:\/\/gonclovil.com\/fr\/wp-json\/wp\/v2\/types\/product"}],"replies":[{"embeddable":true,"href":"https:\/\/gonclovil.com\/fr\/wp-json\/wp\/v2\/comments?post=30984"}],"wp:attachment":[{"href":"https:\/\/gonclovil.com\/fr\/wp-json\/wp\/v2\/media?parent=30984"}],"wp:term":[{"taxonomy":"product_cat","embeddable":true,"href":"https:\/\/gonclovil.com\/fr\/wp-json\/wp\/v2\/product_cat?post=30984"},{"taxonomy":"product_tag","embeddable":true,"href":"https:\/\/gonclovil.com\/fr\/wp-json\/wp\/v2\/product_tag?post=30984"}],"curies":[{"name":"wp","href":"https:\/\/api.w.org\/{rel}","templated":true}]}}