{"id":30986,"date":"2022-02-05T23:41:32","date_gmt":"2022-02-05T23:41:32","guid":{"rendered":"https:\/\/gonclovil.com\/product\/panama-ch-coto-100-de-150-cm\/"},"modified":"2022-02-05T23:41:32","modified_gmt":"2022-02-05T23:41:32","slug":"panama-ch-coto-100-de-150-cm","status":"publish","type":"product","link":"https:\/\/gonclovil.com\/fr\/produit\/panama-ch-coto-100-de-150-cm\/","title":{"rendered":"Panam\u00e0 CH Cot\u00f3 100% de 150 cm"},"content":{"rendered":"","protected":false},"excerpt":{"rendered":"<p>Panam\u00e0 CH Cot\u00f3 100% de 150 cm<\/p>\n","protected":false},"featured_media":0,"comment_status":"closed","ping_status":"open","template":"","meta":{"om_disable_all_campaigns":false,"_mi_skip_tracking":false,"_monsterinsights_sitenote_active":false,"_monsterinsights_sitenote_note":"","_monsterinsights_sitenote_category":0},"product_cat":[2053,2101],"product_tag":[],"aioseo_notices":[],"_links":{"self":[{"href":"https:\/\/gonclovil.com\/fr\/wp-json\/wp\/v2\/product\/30986"}],"collection":[{"href":"https:\/\/gonclovil.com\/fr\/wp-json\/wp\/v2\/product"}],"about":[{"href":"https:\/\/gonclovil.com\/fr\/wp-json\/wp\/v2\/types\/product"}],"replies":[{"embeddable":true,"href":"https:\/\/gonclovil.com\/fr\/wp-json\/wp\/v2\/comments?post=30986"}],"wp:attachment":[{"href":"https:\/\/gonclovil.com\/fr\/wp-json\/wp\/v2\/media?parent=30986"}],"wp:term":[{"taxonomy":"product_cat","embeddable":true,"href":"https:\/\/gonclovil.com\/fr\/wp-json\/wp\/v2\/product_cat?post=30986"},{"taxonomy":"product_tag","embeddable":true,"href":"https:\/\/gonclovil.com\/fr\/wp-json\/wp\/v2\/product_tag?post=30986"}],"curies":[{"name":"wp","href":"https:\/\/api.w.org\/{rel}","templated":true}]}}