{"id":34731,"date":"2022-03-13T21:57:17","date_gmt":"2022-02-05T23:15:39","guid":{"rendered":"https:\/\/gonclovil.com\/product\/tissu-maille-3d-100-polyester-160cm-coral\/"},"modified":"2022-03-14T15:12:44","modified_gmt":"2022-03-14T15:12:44","slug":"tissu-maille-3d-100-polyester-160cm-coral","status":"publish","type":"product","link":"https:\/\/gonclovil.com\/fr\/produit\/tissu-maille-3d-100-polyester-160cm-coral\/","title":{"rendered":"Tissu Maille 3D 100% Polyester 160cm Coral"},"content":{"rendered":"<p>ARQUIMEDES: une proposition pour cr\u00e9er vos accessoires \ud83c\udf92\ud83d\udc5f\ud83e\udde2 et tissus d&#8217;ameublement \ud83d\udecb\ufe0f. Tissu de haute qualit\u00e9, tr\u00e8s r\u00e9sistant \u00e0 la lumi\u00e8re, \u00e0 l&#8217;abrasion, aux frottements et lavable \u00e0 40\u00ba \ud83c\udf21\ufe0f<\/p>\n","protected":false},"excerpt":{"rendered":"<p>Tissu Maille 3D 100% Polyester 160cm Coral<\/p>\n","protected":false},"featured_media":36165,"comment_status":"closed","ping_status":"open","template":"","meta":{"om_disable_all_campaigns":false,"_mi_skip_tracking":false,"_monsterinsights_sitenote_active":false,"_monsterinsights_sitenote_note":"","_monsterinsights_sitenote_category":0},"product_cat":[1984,2101],"product_tag":[],"aioseo_notices":[],"_links":{"self":[{"href":"https:\/\/gonclovil.com\/fr\/wp-json\/wp\/v2\/product\/34731"}],"collection":[{"href":"https:\/\/gonclovil.com\/fr\/wp-json\/wp\/v2\/product"}],"about":[{"href":"https:\/\/gonclovil.com\/fr\/wp-json\/wp\/v2\/types\/product"}],"replies":[{"embeddable":true,"href":"https:\/\/gonclovil.com\/fr\/wp-json\/wp\/v2\/comments?post=34731"}],"wp:featuredmedia":[{"embeddable":true,"href":"https:\/\/gonclovil.com\/fr\/wp-json\/wp\/v2\/media\/36165"}],"wp:attachment":[{"href":"https:\/\/gonclovil.com\/fr\/wp-json\/wp\/v2\/media?parent=34731"}],"wp:term":[{"taxonomy":"product_cat","embeddable":true,"href":"https:\/\/gonclovil.com\/fr\/wp-json\/wp\/v2\/product_cat?post=34731"},{"taxonomy":"product_tag","embeddable":true,"href":"https:\/\/gonclovil.com\/fr\/wp-json\/wp\/v2\/product_tag?post=34731"}],"curies":[{"name":"wp","href":"https:\/\/api.w.org\/{rel}","templated":true}]}}