{"id":34739,"date":"2025-02-16T04:00:19","date_gmt":"2025-02-16T04:00:19","guid":{"rendered":"https:\/\/gonclovil.com\/product\/serge-canigo-100-coton-2791\/"},"modified":"2025-02-16T04:00:19","modified_gmt":"2025-02-16T04:00:19","slug":"serge-canigo-100-coton-2791","status":"publish","type":"product","link":"https:\/\/gonclovil.com\/fr\/produit\/serge-canigo-100-coton-2791\/","title":{"rendered":"Serg\u00e9 Canig\u00f3 100% Coton 2791"},"content":{"rendered":"","protected":false},"excerpt":{"rendered":"<p>Serg\u00e9 Canig\u00f3 100% Coton 2791<\/p>\n","protected":false},"featured_media":34987,"comment_status":"closed","ping_status":"open","template":"","meta":{"om_disable_all_campaigns":false,"_mi_skip_tracking":false,"_monsterinsights_sitenote_active":false,"_monsterinsights_sitenote_note":"","_monsterinsights_sitenote_category":0},"product_cat":[2098,3375],"product_tag":[],"aioseo_notices":[],"_links":{"self":[{"href":"https:\/\/gonclovil.com\/fr\/wp-json\/wp\/v2\/product\/34739"}],"collection":[{"href":"https:\/\/gonclovil.com\/fr\/wp-json\/wp\/v2\/product"}],"about":[{"href":"https:\/\/gonclovil.com\/fr\/wp-json\/wp\/v2\/types\/product"}],"replies":[{"embeddable":true,"href":"https:\/\/gonclovil.com\/fr\/wp-json\/wp\/v2\/comments?post=34739"}],"wp:featuredmedia":[{"embeddable":true,"href":"https:\/\/gonclovil.com\/fr\/wp-json\/wp\/v2\/media\/34987"}],"wp:attachment":[{"href":"https:\/\/gonclovil.com\/fr\/wp-json\/wp\/v2\/media?parent=34739"}],"wp:term":[{"taxonomy":"product_cat","embeddable":true,"href":"https:\/\/gonclovil.com\/fr\/wp-json\/wp\/v2\/product_cat?post=34739"},{"taxonomy":"product_tag","embeddable":true,"href":"https:\/\/gonclovil.com\/fr\/wp-json\/wp\/v2\/product_tag?post=34739"}],"curies":[{"name":"wp","href":"https:\/\/api.w.org\/{rel}","templated":true}]}}