{"id":41310,"date":"2022-11-17T04:02:58","date_gmt":"2022-11-17T04:02:58","guid":{"rendered":"https:\/\/gonclovil.com\/product\/eponge-100-coton-160cm-gris-fonce-i\/"},"modified":"2022-11-17T04:02:58","modified_gmt":"2022-11-17T04:02:58","slug":"eponge-100-coton-160cm-gris-fonce-i","status":"publish","type":"product","link":"https:\/\/gonclovil.com\/fr\/produit\/eponge-100-coton-160cm-gris-fonce-i\/","title":{"rendered":"\u00c9ponge 100% Coton 160cm Gris Fonc\u00e9 (i)"},"content":{"rendered":"","protected":false},"excerpt":{"rendered":"<p>\u00c9ponge 100% Coton 160cm Gris Fonc\u00e9 (i)<\/p>\n","protected":false},"featured_media":43172,"comment_status":"closed","ping_status":"open","template":"","meta":{"om_disable_all_campaigns":false,"_mi_skip_tracking":false,"_monsterinsights_sitenote_active":false,"_monsterinsights_sitenote_note":"","_monsterinsights_sitenote_category":0},"product_cat":[1819,1849],"product_tag":[],"aioseo_notices":[],"_links":{"self":[{"href":"https:\/\/gonclovil.com\/fr\/wp-json\/wp\/v2\/product\/41310"}],"collection":[{"href":"https:\/\/gonclovil.com\/fr\/wp-json\/wp\/v2\/product"}],"about":[{"href":"https:\/\/gonclovil.com\/fr\/wp-json\/wp\/v2\/types\/product"}],"replies":[{"embeddable":true,"href":"https:\/\/gonclovil.com\/fr\/wp-json\/wp\/v2\/comments?post=41310"}],"wp:featuredmedia":[{"embeddable":true,"href":"https:\/\/gonclovil.com\/fr\/wp-json\/wp\/v2\/media\/43172"}],"wp:attachment":[{"href":"https:\/\/gonclovil.com\/fr\/wp-json\/wp\/v2\/media?parent=41310"}],"wp:term":[{"taxonomy":"product_cat","embeddable":true,"href":"https:\/\/gonclovil.com\/fr\/wp-json\/wp\/v2\/product_cat?post=41310"},{"taxonomy":"product_tag","embeddable":true,"href":"https:\/\/gonclovil.com\/fr\/wp-json\/wp\/v2\/product_tag?post=41310"}],"curies":[{"name":"wp","href":"https:\/\/api.w.org\/{rel}","templated":true}]}}