{"id":47528,"date":"2024-04-22T21:01:27","date_gmt":"2023-11-28T04:02:13","guid":{"rendered":"https:\/\/gonclovil.com\/product\/tissu-maille-3d-100-polyester-160cm-orange-rust\/"},"modified":"2024-04-23T09:42:31","modified_gmt":"2024-04-23T09:42:31","slug":"tissu-maille-3d-100-polyester-160cm-orange-rust","status":"publish","type":"product","link":"https:\/\/gonclovil.com\/fr\/produit\/tissu-maille-3d-100-polyester-160cm-orange-rust\/","title":{"rendered":"Tissu Maille 3D 100% Polyester 160cm Orange Rust"},"content":{"rendered":"<p>Aujourd&#8217;hui nous vous proposons de nouvelles couleurs d&#8217;un tissu qui prend son envol, ARQUIMEDES!<br \/>\nNotre tissu de la collection Mesh (3D). Le top pour r\u00e9aliser vos accessoires et tissus d&#8217;ameublement pour cette saison ! Disponible dans des couleurs vives et gaies, mais aussi dans des couleurs neutres.<br \/>\nTissu de haute qualit\u00e9, tr\u00e8s r\u00e9sistant \u00e0 la lumi\u00e8re, \u00e0 l&#8217;abrasion, aux frottements et lavable \u00e0 40\u00ba\ud83c\udf21\ufe0f&#8230; il n&#8217;absorbe pas l&#8217;eau et s\u00e8che rapidement.<\/p>\n","protected":false},"excerpt":{"rendered":"<p>Tissu Maille 3D 100% Polyester 160cm Orange Rust<\/p>\n","protected":false},"featured_media":51515,"comment_status":"closed","ping_status":"open","template":"","meta":{"om_disable_all_campaigns":false,"_mi_skip_tracking":false,"_monsterinsights_sitenote_active":false,"_monsterinsights_sitenote_note":"","_monsterinsights_sitenote_category":0},"product_cat":[1984,2101],"product_tag":[],"aioseo_notices":[],"_links":{"self":[{"href":"https:\/\/gonclovil.com\/fr\/wp-json\/wp\/v2\/product\/47528"}],"collection":[{"href":"https:\/\/gonclovil.com\/fr\/wp-json\/wp\/v2\/product"}],"about":[{"href":"https:\/\/gonclovil.com\/fr\/wp-json\/wp\/v2\/types\/product"}],"replies":[{"embeddable":true,"href":"https:\/\/gonclovil.com\/fr\/wp-json\/wp\/v2\/comments?post=47528"}],"wp:featuredmedia":[{"embeddable":true,"href":"https:\/\/gonclovil.com\/fr\/wp-json\/wp\/v2\/media\/51515"}],"wp:attachment":[{"href":"https:\/\/gonclovil.com\/fr\/wp-json\/wp\/v2\/media?parent=47528"}],"wp:term":[{"taxonomy":"product_cat","embeddable":true,"href":"https:\/\/gonclovil.com\/fr\/wp-json\/wp\/v2\/product_cat?post=47528"},{"taxonomy":"product_tag","embeddable":true,"href":"https:\/\/gonclovil.com\/fr\/wp-json\/wp\/v2\/product_tag?post=47528"}],"curies":[{"name":"wp","href":"https:\/\/api.w.org\/{rel}","templated":true}]}}