{"id":56684,"date":"2025-07-30T03:02:24","date_gmt":"2025-07-30T03:02:24","guid":{"rendered":"https:\/\/gonclovil.com\/product\/besalu-panama-depoli-100-coton-315cm-ecru\/"},"modified":"2025-07-30T03:02:25","modified_gmt":"2025-07-30T03:02:25","slug":"besalu-panama-depoli-100-coton-315cm-ecru","status":"publish","type":"product","link":"https:\/\/gonclovil.com\/fr\/produit\/besalu-panama-depoli-100-coton-315cm-ecru\/","title":{"rendered":"Besal\u00fa Panama D\u00e9poli 100% Coton 315cm Ecru"},"content":{"rendered":"","protected":false},"excerpt":{"rendered":"<p>Besal\u00fa Panama D\u00e9poli 100% Coton 315cm Ecru<\/p>\n","protected":false},"featured_media":48946,"comment_status":"closed","ping_status":"open","template":"","meta":{"om_disable_all_campaigns":false,"_mi_skip_tracking":false,"_monsterinsights_sitenote_active":false,"_monsterinsights_sitenote_note":"","_monsterinsights_sitenote_category":0},"product_cat":[2098,2403],"product_tag":[],"aioseo_notices":[],"_links":{"self":[{"href":"https:\/\/gonclovil.com\/fr\/wp-json\/wp\/v2\/product\/56684"}],"collection":[{"href":"https:\/\/gonclovil.com\/fr\/wp-json\/wp\/v2\/product"}],"about":[{"href":"https:\/\/gonclovil.com\/fr\/wp-json\/wp\/v2\/types\/product"}],"replies":[{"embeddable":true,"href":"https:\/\/gonclovil.com\/fr\/wp-json\/wp\/v2\/comments?post=56684"}],"wp:featuredmedia":[{"embeddable":true,"href":"https:\/\/gonclovil.com\/fr\/wp-json\/wp\/v2\/media\/48946"}],"wp:attachment":[{"href":"https:\/\/gonclovil.com\/fr\/wp-json\/wp\/v2\/media?parent=56684"}],"wp:term":[{"taxonomy":"product_cat","embeddable":true,"href":"https:\/\/gonclovil.com\/fr\/wp-json\/wp\/v2\/product_cat?post=56684"},{"taxonomy":"product_tag","embeddable":true,"href":"https:\/\/gonclovil.com\/fr\/wp-json\/wp\/v2\/product_tag?post=56684"}],"curies":[{"name":"wp","href":"https:\/\/api.w.org\/{rel}","templated":true}]}}